{"id":199,"date":"2022-10-15T10:39:24","date_gmt":"2022-10-15T08:39:24","guid":{"rendered":"https:\/\/www.premiostrega.it\/PO\/?page_id=199"},"modified":"2026-02-03T14:45:41","modified_gmt":"2026-02-03T13:45:41","slug":"regolamento","status":"publish","type":"page","link":"https:\/\/www.premiostrega.it\/PO\/regolamento\/","title":{"rendered":"Regolamento"},"content":{"rendered":"\t\t<div data-elementor-type=\"wp-page\" data-elementor-id=\"199\" class=\"elementor elementor-199\" data-elementor-post-type=\"page\">\n\t\t\t\t\t\t<section class=\"elementor-section elementor-top-section elementor-element elementor-element-47cb8f2f elementor-section-boxed elementor-section-height-default elementor-section-height-default\" data-id=\"47cb8f2f\" data-element_type=\"section\" data-e-type=\"section\">\n\t\t\t\t\t\t<div class=\"elementor-container elementor-column-gap-default\">\n\t\t\t\t\t<div class=\"elementor-column elementor-col-100 elementor-top-column elementor-element elementor-element-63e5ce6f\" data-id=\"63e5ce6f\" data-element_type=\"column\" data-e-type=\"column\">\n\t\t\t<div class=\"elementor-widget-wrap elementor-element-populated\">\n\t\t\t\t\t\t<div class=\"elementor-element elementor-element-6737ec2 testo elementor-widget elementor-widget-text-editor\" data-id=\"6737ec2\" data-element_type=\"widget\" data-e-type=\"widget\" data-widget_type=\"text-editor.default\">\n\t\t\t\t<div class=\"elementor-widget-container\">\n\t\t\t\t\t\t\t\t\t<p><strong>Norme generali <\/strong><\/p>\n<p style=\"padding-left: 40px;\"><strong>1.<\/strong> Il Premio Strega Poesia \u00e8 assegnato annualmente a un\u2019opera in versi pubblicata in prima edizione in Italia tra il marzo dell\u2019anno precedente e il febbraio dell\u2019anno in corso.<\/p>\n<p style=\"padding-left: 40px;\"><strong>2.<\/strong> Gli organi del Premio \u2013 la cui sede \u00e8 la Fondazione Maria e Goffredo Bellonci \u2013 sono il Comitato di gestione del Premio Strega, il Comitato scientifico e la Giuria. I componenti del Comitato scientifico e della Giuria sono nominati dal Comitato di gestione.<\/p>\n<p style=\"padding-left: 40px;\"><strong>3.<\/strong> I componenti del Comitato scientifico e della Giuria restano in carica tre anni e possono essere riconfermati. Se autrici o autori di poesia, non possono concorrere al Premio per tutta la durata del loro mandato.<\/p>\n<p style=\"padding-left: 40px;\"><strong>4.<\/strong>&nbsp;Il Premio seguir\u00e0 le seguenti tempistiche: la selezione delle opere candidate, in numero di dodici per ogni edizione, avverr\u00e0 entro il mese di marzo; la selezione delle cinque opere finaliste avverr\u00e0 nel mese di maggio; l\u2019opera vincitrice verr\u00e0 proclamata a ottobre.<\/p>\n<p><strong>Modalit\u00e0 di partecipazione<\/strong><\/p>\n<p style=\"padding-left: 40px;\"><strong>5.<\/strong> Sono ammesse a partecipare esclusivamente opere di autori viventi al momento dell\u2019iscrizione, provviste di codice ISBN e pubblicate da soggetti editoriali a diffusione nazionale. Non sono ammesse raccolte di testi gi\u00e0 editi in volume, antologie miscellanee, autopubblicazioni e opere pubblicate esclusivamente in formato digitale.<\/p>\n<p style=\"padding-left: 40px;\"><strong>6.<\/strong> Ogni opera deve essere iscritta dall\u2019editore, che ha facolt\u00e0 di proporre un solo titolo del proprio catalogo. L\u2019iscrizione al premio va effettuata compilando e inviando entro il mese di febbraio il modulo d\u2019iscrizione reperibile sul sito del premio, completo di tutti gli allegati richiesti.<\/p>\n<p style=\"padding-left: 40px;\"><strong>7.<\/strong> A iscrizione avvenuta, \u00e8 richiesto l\u2019invio tempestivo di due copie del titolo proposto all\u2019indirizzo della Fondazione Maria e Goffredo Bellonci (via Fratelli Ruspoli 2 \u2013 00198 Roma).<\/p>\n<p style=\"padding-left: 40px;\"><strong>8.<\/strong> La partecipazione al premio \u00e8 vincolata all\u2019invio gratuito delle copie necessarie alla Giuria secondo le indicazioni fornite dalla segreteria circa le quantit\u00e0 e i tempi di consegna.<\/p>\n<p style=\"padding-left: 40px;\"><strong>9.<\/strong> L\u2019opera pi\u00f9 votata tra le cinque finaliste sar\u00e0 annunciata in una manifestazione pubblica per la quale \u00e8 richiesta la presenza di tutti gli autori in gara. La mancata presenza del vincitore alla manifestazione comporta di norma la perdita del Premio.<\/p>\n<p style=\"padding-left: 40px;\"><strong>10.<\/strong> Gli autori sono inoltre chiamati a partecipare ad altre eventuali iniziative di promozione organizzate dal Premio, salvo documentati motivi d\u2019impedimento.<\/p>\n<p style=\"padding-left: 40px;\"><strong>11.<\/strong> La mancata osservanza degli impegni sottoscritti e delle scadenze prefissate comporter\u00e0 l\u2019esclusione dalla competizione.<\/p>\n<p><strong>Comitato scientifico <\/strong><\/p>\n<p style=\"padding-left: 40px;\"><strong>12.<\/strong> Spetta al Comitato scientifico \u2013 composto da personalit\u00e0 di indiscusso prestigio e competenza \u2013 selezionare le dodici opere candidate e successivamente le cinque opere finaliste.<\/p>\n<p style=\"padding-left: 40px;\"><strong>13.<\/strong> Il Comitato scientifico ha facolt\u00e0 di integrare le proposte degli editori richiedendo la partecipazione di ulteriori opere. Anche l\u2019iscrizione di quest\u2019ultime \u00e8 vincolata all\u2019invio da parte degli editori interessati del modulo di iscrizione e degli allegati richiesti.<\/p>\n<p style=\"padding-left: 40px;\"><strong>14.<\/strong> Il Comitato scientifico delibera a maggioranza. A parit\u00e0 di voti prevale il voto del Presidente. Decade dall\u2019incarico il membro del Comitato che non abbia partecipato a tre riunioni consecutive.<\/p>\n<p><strong>Giuria<\/strong><\/p>\n<p style=\"padding-left: 40px;\"><strong>15.<\/strong> La Giuria \u2013 composta da circa cento uomini e donne di cultura, gli Amici della Poesia \u2013\u00e8 chiamata a designare l\u2019opera vincitrice mediante il voto dei singoli componenti. Ogni giurato potr\u00e0 votare per un solo titolo scelto tra i cinque finalisti.<\/p>\n<p style=\"padding-left: 40px;\"><strong>16.<\/strong> All\u2019annuncio delle opere finaliste, la segreteria del Premio provveder\u00e0 a inviarne una copia in formato cartaceo a ciascun componente della Giuria, unitamente alle informazioni necessarie all\u2019espressione del voto, che avverr\u00e0 esclusivamente per via telematica e in forma riservata.<\/p>\n<p style=\"padding-left: 40px;\"><strong>17.<\/strong> Decade dalla Giuria il membro che non esprime il proprio voto in due edizioni consecutive.<\/p>\n<p><strong>Il riconoscimento<\/strong><\/p>\n<p style=\"padding-left: 40px;\"><strong>18.<\/strong> All\u2019autore dell\u2019opera prima classificata sar\u00e0 assegnato un riconoscimento in denaro del valore di \u20ac 5000,00 (Euro cinquemila\/00) e l\u2019opera <em>L\u2019infinito Premio Strega<\/em> realizzata dal maestro Emilio Isgr\u00f2. In caso di parit\u00e0 di voti per il primo posto, il premio sar\u00e0 assegnato ex aequo.<\/p>\n<p style=\"padding-left: 40px;\"><strong>19.<\/strong> Il Premio si riserva il diritto di curare la pubblicazione di un\u2019antologia di testi tratti dalle opere finaliste (max 10 testi per opera), senza obbligo di corrispondere compensi agli autori, da diffondere in edizione non venale.<\/p>\t\t\t\t\t\t\t\t<\/div>\n\t\t\t\t<\/div>\n\t\t\t\t\t<\/div>\n\t\t<\/div>\n\t\t\t\t\t<\/div>\n\t\t<\/section>\n\t\t\t\t<\/div>\n\t\t","protected":false},"excerpt":{"rendered":"<p>Norme generali 1. Il Premio Strega Poesia \u00e8 assegnato annualmente a un\u2019opera in versi pubblicata in prima edizione in Italia tra il marzo dell\u2019anno precedente e il febbraio dell\u2019anno in corso. 2. Gli organi del Premio \u2013 la cui sede \u00e8 la Fondazione Maria e Goffredo Bellonci \u2013 sono il Comitato di gestione del Premio [&hellip;]<\/p>\n","protected":false},"author":1,"featured_media":1846,"parent":0,"menu_order":0,"comment_status":"closed","ping_status":"closed","template":"","meta":{"footnotes":""},"class_list":["post-199","page","type-page","status-publish","has-post-thumbnail","hentry"],"_links":{"self":[{"href":"https:\/\/www.premiostrega.it\/PO\/wp-json\/wp\/v2\/pages\/199","targetHints":{"allow":["GET"]}}],"collection":[{"href":"https:\/\/www.premiostrega.it\/PO\/wp-json\/wp\/v2\/pages"}],"about":[{"href":"https:\/\/www.premiostrega.it\/PO\/wp-json\/wp\/v2\/types\/page"}],"author":[{"embeddable":true,"href":"https:\/\/www.premiostrega.it\/PO\/wp-json\/wp\/v2\/users\/1"}],"replies":[{"embeddable":true,"href":"https:\/\/www.premiostrega.it\/PO\/wp-json\/wp\/v2\/comments?post=199"}],"version-history":[{"count":50,"href":"https:\/\/www.premiostrega.it\/PO\/wp-json\/wp\/v2\/pages\/199\/revisions"}],"predecessor-version":[{"id":4425,"href":"https:\/\/www.premiostrega.it\/PO\/wp-json\/wp\/v2\/pages\/199\/revisions\/4425"}],"wp:featuredmedia":[{"embeddable":true,"href":"https:\/\/www.premiostrega.it\/PO\/wp-json\/wp\/v2\/media\/1846"}],"wp:attachment":[{"href":"https:\/\/www.premiostrega.it\/PO\/wp-json\/wp\/v2\/media?parent=199"}],"curies":[{"name":"wp","href":"https:\/\/api.w.org\/{rel}","templated":true}]}}