{"id":24,"date":"2022-10-12T18:18:06","date_gmt":"2022-10-12T16:18:06","guid":{"rendered":"https:\/\/www.premiostrega.it\/PO\/?page_id=24"},"modified":"2024-10-15T13:11:28","modified_gmt":"2024-10-15T11:11:28","slug":"premio","status":"publish","type":"page","link":"https:\/\/www.premiostrega.it\/PO\/premio\/","title":{"rendered":"Premio"},"content":{"rendered":"<p>Nel corso di questi ultimi anni il Premio Strega ha aggiunto una costellazione di riconoscimenti che, mettendo al centro la promozione della lettura, incontrano l\u2019interesse di un pubblico sempre pi\u00f9 ampio e stratificato. A un decennio dall\u2019istituzione del Premio Strega Giovani e del Premio Strega Europeo si aggiunge un nuovo e necessario tassello: il\u00a0<strong>Premio Strega Poesia<\/strong>, la cui prima edizione \u00e8 stata assegnata a ottobre 2023.<\/p>\n<p>La poesia \u00e8 una forma d\u2019arte che non ha mai perso prestigio sociale e che nel pensiero comune \u00e8 istintivamente connessa alla riflessione sulle cose ultime: rimanda da sempre a un\u2019espressione nativa della parola, legata al respiro naturale e al canto. E tuttavia, come \u00e8 stato scritto, \u201cpoesia\u201d rischia di essere un concetto astratto, generico: non esiste tanto la poesia, quanto le poesie, diverse esperienze che meritano tutte ascolto e rappresentazione. Il <strong>Premio Strega Poesia<\/strong>\u00a0nasce per dare loro visibilit\u00e0, segnalando la produzione di pi\u00f9 alta qualit\u00e0 letteraria e significato nel mondo contemporaneo.<\/p>\n<p>Il Premio verr\u00e0 assegnato annualmente a un libro di poesia scritto in lingua italiana, pubblicato in prima edizione tra il 1\u00b0 marzo dell\u2019anno precedente e il 28 febbraio dell\u2019anno in corso.<\/p>\n<p>Un<strong>\u00a0Comitato scientifico<\/strong> \u2013 composto da poeti, critici e studiosi \u2013 avr\u00e0 il compito di selezionare i dodici libri candidati e la cinquina finalista, mentre un\u2019ampia giuria, gli <strong>Amici della poesia<\/strong>, determiner\u00e0 l\u2019opera vincitrice. I componenti del Comitato scientifico e della giuria resteranno in carica un anno e potranno essere riconfermati.<\/p>\n","protected":false},"excerpt":{"rendered":"<p>Nel corso di questi ultimi anni il Premio Strega ha aggiunto una costellazione di riconoscimenti che, mettendo al centro la promozione della lettura, incontrano l\u2019interesse di un pubblico sempre pi\u00f9 ampio e stratificato. A un decennio dall\u2019istituzione del Premio Strega Giovani e del Premio Strega Europeo si aggiunge un nuovo e necessario tassello: il\u00a0Premio Strega [&hellip;]<\/p>\n","protected":false},"author":1,"featured_media":1846,"parent":0,"menu_order":0,"comment_status":"closed","ping_status":"closed","template":"","meta":{"footnotes":""},"class_list":["post-24","page","type-page","status-publish","has-post-thumbnail","hentry"],"_links":{"self":[{"href":"https:\/\/www.premiostrega.it\/PO\/wp-json\/wp\/v2\/pages\/24","targetHints":{"allow":["GET"]}}],"collection":[{"href":"https:\/\/www.premiostrega.it\/PO\/wp-json\/wp\/v2\/pages"}],"about":[{"href":"https:\/\/www.premiostrega.it\/PO\/wp-json\/wp\/v2\/types\/page"}],"author":[{"embeddable":true,"href":"https:\/\/www.premiostrega.it\/PO\/wp-json\/wp\/v2\/users\/1"}],"replies":[{"embeddable":true,"href":"https:\/\/www.premiostrega.it\/PO\/wp-json\/wp\/v2\/comments?post=24"}],"version-history":[{"count":32,"href":"https:\/\/www.premiostrega.it\/PO\/wp-json\/wp\/v2\/pages\/24\/revisions"}],"predecessor-version":[{"id":3146,"href":"https:\/\/www.premiostrega.it\/PO\/wp-json\/wp\/v2\/pages\/24\/revisions\/3146"}],"wp:featuredmedia":[{"embeddable":true,"href":"https:\/\/www.premiostrega.it\/PO\/wp-json\/wp\/v2\/media\/1846"}],"wp:attachment":[{"href":"https:\/\/www.premiostrega.it\/PO\/wp-json\/wp\/v2\/media?parent=24"}],"curies":[{"name":"wp","href":"https:\/\/api.w.org\/{rel}","templated":true}]}}