{"id":27,"date":"2022-10-12T18:18:55","date_gmt":"2022-10-12T16:18:55","guid":{"rendered":"https:\/\/www.premiostrega.it\/PO\/?page_id=27"},"modified":"2026-02-26T15:15:47","modified_gmt":"2026-02-26T14:15:47","slug":"comitato-scientifico","status":"publish","type":"page","link":"https:\/\/www.premiostrega.it\/PO\/comitato-scientifico\/","title":{"rendered":"Comitato scientifico"},"content":{"rendered":"<p><strong>Maria Grazia Calandrone<\/strong> \u00e8 poeta, scrittrice, giornalista e drammaturga. Autrice e conduttrice Rai, scrive sul <i>Corriere della Sera<\/i> e cura dei laboratori di poesia per le scuole e le carceri. Collabora alla direzione della collana <i>I domani<\/i> di Aragno ed \u00e8 parte del Comitato scientifico di Feltrinelli Educational e della redazione di <i>Poesia<\/i>. Tra i suoi lavori critici, la riscoperta dell&#8217;opera di Nella Nobili e <i>Versi di libert\u00e0. Trenta poetesse da tutto il mondo<\/i> (Oscar Mondadori 2022). Ha vinto, tra gli altri, il Premio Napoli per <i>Sulla bocca di tutti<\/i> (Crocetti 2010), il Premio Dess\u00ec per <i>Gli Scomparsi<\/i> (Lietocolle 2016), il Premio Metauro e il Premio Lerici per <i>Giardino della gioia<\/i> (Mondadori 2019). \u00c8 anche autrice di prosa e uno dei suoi romanzi, <i>Splendi come vita<\/i> (Ponte alle Grazie 2021), \u00e8 stato candidato al Premio Strega 2021. Il suo ultimo romanzo \u00e8 <i>Dove non mi hai portata<\/i> (Einaudi 2022).<\/p>\n<p><strong>Andrea Cortellessa<\/strong> insegna Letteratura italiana contemporanea all\u2019Universit\u00e0 di Roma Tre e nel 2018 ha tenuto la \u00abcattedra De Sanctis\u00bb al Politecnico di Zurigo. Ha curato testi di autori del Novecento e contemporanei (fra i quali Giorgio de Chirico, Elio Pagliarani, Giovanni Raboni, Amelia Rosselli, Andrea Zanzotto, Nanni Balestrini, Luigi Di Ruscio, Giulio Paolini e Claudio Parmiggiani). Fra i suoi ultimi libri, <i>Le notti chiare erano tutte un\u2019alba. Antologia di poeti italiani nella Prima guerra mondiale<\/i> (Bompiani 2018), <i>Andrea Zanzotto. Il canto nella terra<\/i> (Laterza 2021), <i>Abitare, Zanzotto<\/i> (Aragno 2021), <i>Filologia fantastica. Ipotizzare, Manganelli<\/i> (Argolibri 2022); con Silvia De Laude <i>Vedere, Pasolini<\/i> (Ronzani 2022) e con Marco Belpoliti il numero di \u00abRiga\u00bb su <i>Giorgio Manganelli <\/i>(Quodlibet 2022). \u00c8 nella redazione del \u00abverri\u00bb e tra i fondatori di \u00abAntinomie. Scritture e immagini\u00bb; collabora ad \u00abAlias\u00bb e al \u00abCorriere della Sera\u00bb.<\/p>\n<p><strong>Mario Desiati<\/strong> \u00e8 originario di Martina Franca. Ha curato i volumi <i>Nuovissima Poesia Italiana <\/i>(Mondadori 2004) e l\u2019antologia di narratori esordienti <i>Voi siete qui <\/i>(minimum fax 2007). Come autore in versi e in prosa ha pubblicato, tra l\u2019altro, la raccolta poetica <i>Le luci gialle della contraerea <\/i>(LietoColle 2004) e i romanzi <i>Il paese delle spose infelici <\/i>(Mondadori 2008; Premio Mondello), <i>Ternitti <\/i>(Mondadori 2011; finalista al Premio Strega),\u00a0<i>Il libro dell\u2019amore proibito<\/i>\u00a0(Mondadori 2013), <i>Mare di Zucchero<\/i>\u00a0(Mondadori 2014) e\u00a0<i>Candore<\/i>\u00a0(Einaudi 2016). Nel 2022 ha vinto il Premio Strega con\u00a0<i>Spatriati<\/i>\u00a0(Einaudi 2021).<\/p>\n<p><strong>Elisa Donzelli<\/strong><b> <\/b>\u00e8 poeta e critica letteraria ed \u00e8 traduttrice dal francese. Insegna Letteratura italiana contemporanea alla Scuola Normale Superiore di Pisa. I suoi studi si concentrano sulla poesia e la traduzione poetica contemporanea, i rapporti tra letteratura, politica e arti e la poesia femminile novecentesca. Dirige la collana di poesia contemporanea della Donzelli editore e ha collaborato con testate quali \u00abAlias\u00bb e \u00abIl Venerd\u00ec\u00bb. Tra le sue pubblicazioni e curatele: <i>Giorgio Caproni e gli altri: temi, percorsi incontri nella poesia europea del Novecento<\/i> (Marsilio, 2016), Ren\u00e9 Char, <i>Poesie \u2013 Poesie tradotte da Giorgio Caproni<\/i> (Einaudi, 2018), <i>album<\/i> (nottetempo, 2021; Premio Metauro, Premio di Poesia Alma Mater).<\/p>\n<p><strong> Roberto Galaverni<\/strong> \u00e8 critico letterario. \u00c8 stato docente di Poesia italiana presso il Master di poesia contemporanea dell\u2019Universit\u00e0 di Urbino e tiene corsi di scrittura creativa, convegni e seminari letterari. \u00c8 fondatore e consigliere del Centro di poesia contemporanea dell\u2019Universit\u00e0 di Bologna. Scrive soprattutto di poesia e narrativa del secondo Novecento e collabora con il \u00abCorriere della Sera\u00bb, \u00abAlias\u00bb, \u00abNuovi Argomenti\u00bb e con Rai Radio Tre. Ha pubblicato nel 1996 l\u2019antologia <i>Nuovi poeti italiani contemporanei<\/i> (Guaraldi) e nel 2002 la raccolta di saggi critici <i>Dopo la poesia. Saggi sui contemporanei <\/i>(Fazi). Tra le ultime pubblicazioni e curatele: <i>Poesie italiane 2017 \u2013 Scelte da Roberto Galaverni<\/i> (Elliot 2018), <i>P.P.P. Poesie per Pasolini<\/i> (Mondadori 2022).<\/p>\n<p><span class=\"TextRun SCXW80099242 BCX0\" lang=\"IT-IT\" xml:lang=\"IT-IT\" data-contrast=\"auto\"><span class=\"NormalTextRun SCXW80099242 BCX0\"><strong>Vivian Lamarque<\/strong>, nata a Tesero (Trento) nel 1946, \u00e8 sempre vissuta a Milano dove ha insegnato italiano agli stranieri e letteratura in istituti privati. Ha pubblicato <\/span><\/span><em><span class=\"TextRun SCXW80099242 BCX0\" lang=\"IT-IT\" xml:lang=\"IT-IT\" data-contrast=\"auto\"><span class=\"NormalTextRun SCXW80099242 BCX0\">Teresino<\/span><\/span><\/em><span class=\"TextRun SCXW80099242 BCX0\" lang=\"IT-IT\" xml:lang=\"IT-IT\" data-contrast=\"auto\"><span class=\"NormalTextRun SCXW80099242 BCX0\"> (1981), <\/span><\/span><em><span class=\"TextRun SCXW80099242 BCX0\" lang=\"IT-IT\" xml:lang=\"IT-IT\" data-contrast=\"auto\"><span class=\"NormalTextRun SCXW80099242 BCX0\">Il signore d\u2019oro<\/span><\/span><\/em><span class=\"TextRun SCXW80099242 BCX0\" lang=\"IT-IT\" xml:lang=\"IT-IT\" data-contrast=\"auto\"><span class=\"NormalTextRun SCXW80099242 BCX0\"> (1986), <\/span><\/span><em><span class=\"TextRun SCXW80099242 BCX0\" lang=\"IT-IT\" xml:lang=\"IT-IT\" data-contrast=\"auto\"><span class=\"NormalTextRun SCXW80099242 BCX0\">Poesie dando del lei<\/span><\/span><\/em><span class=\"TextRun SCXW80099242 BCX0\" lang=\"IT-IT\" xml:lang=\"IT-IT\" data-contrast=\"auto\"><span class=\"NormalTextRun SCXW80099242 BCX0\"> (1989), <\/span><\/span><em><span class=\"TextRun SCXW80099242 BCX0\" lang=\"IT-IT\" xml:lang=\"IT-IT\" data-contrast=\"auto\"><span class=\"NormalTextRun SCXW80099242 BCX0\">Il signore degli spaventati<\/span><\/span><\/em><span class=\"TextRun SCXW80099242 BCX0\" lang=\"IT-IT\" xml:lang=\"IT-IT\" data-contrast=\"auto\"><span class=\"NormalTextRun SCXW80099242 BCX0\"> (1992), <\/span><\/span><em><span class=\"TextRun SCXW80099242 BCX0\" lang=\"IT-IT\" xml:lang=\"IT-IT\" data-contrast=\"auto\"><span class=\"NormalTextRun SCXW80099242 BCX0\">Una quieta polvere<\/span><\/span><\/em><span class=\"TextRun SCXW80099242 BCX0\" lang=\"IT-IT\" xml:lang=\"IT-IT\" data-contrast=\"auto\"><span class=\"NormalTextRun SCXW80099242 BCX0\"> (1996). Nel 2002 la sua opera poetica \u00e8 stata raccolta in <\/span><\/span><span class=\"TextRun SCXW80099242 BCX0\" lang=\"IT-IT\" xml:lang=\"IT-IT\" data-contrast=\"auto\"><span class=\"NormalTextRun SCXW80099242 BCX0\">Poesie<\/span><\/span><span class=\"TextRun SCXW80099242 BCX0\" lang=\"IT-IT\" xml:lang=\"IT-IT\" data-contrast=\"auto\"><span class=\"NormalTextRun SCXW80099242 BCX0\"> (1972-2002). Successivamente ha pubblicato <\/span><\/span><span class=\"TextRun SCXW80099242 BCX0\" lang=\"IT-IT\" xml:lang=\"IT-IT\" data-contrast=\"auto\"><span class=\"NormalTextRun SCXW80099242 BCX0\">Poesie per un gatto<\/span><\/span><span class=\"TextRun SCXW80099242 BCX0\" lang=\"IT-IT\" xml:lang=\"IT-IT\" data-contrast=\"auto\"><span class=\"NormalTextRun SCXW80099242 BCX0\"> (2007), <\/span><\/span><em><span class=\"TextRun SCXW80099242 BCX0\" lang=\"IT-IT\" xml:lang=\"IT-IT\" data-contrast=\"auto\"><span class=\"NormalTextRun SCXW80099242 BCX0\">La gentil\u00e8ssa <\/span><\/span><\/em><span class=\"TextRun SCXW80099242 BCX0\" lang=\"IT-IT\" xml:lang=\"IT-IT\" data-contrast=\"auto\"><span class=\"NormalTextRun SCXW80099242 BCX0\">(2009) e <\/span><\/span><em><span class=\"TextRun SCXW80099242 BCX0\" lang=\"IT-IT\" xml:lang=\"IT-IT\" data-contrast=\"auto\"><span class=\"NormalTextRun SCXW80099242 BCX0\">Madre d\u2019inverno<\/span><\/span><\/em><span class=\"TextRun SCXW80099242 BCX0\" lang=\"IT-IT\" xml:lang=\"IT-IT\" data-contrast=\"auto\"><span class=\"NormalTextRun SCXW80099242 BCX0\"> (2016). <\/span><\/span><span class=\"TextRun Highlight SCXW80099242 BCX0\" lang=\"IT-IT\" xml:lang=\"IT-IT\" data-contrast=\"none\"><span class=\"NormalTextRun SCXW80099242 BCX0\">\u00c8<\/span><\/span> <span class=\"TextRun SCXW80099242 BCX0\" lang=\"IT-IT\" xml:lang=\"IT-IT\" data-contrast=\"auto\"><span class=\"NormalTextRun SCXW80099242 BCX0\">autrice di una quarantina di fiabe e delle raccolte <\/span><\/span><em><span class=\"TextRun SCXW80099242 BCX0\" lang=\"IT-IT\" xml:lang=\"IT-IT\" data-contrast=\"auto\"><span class=\"NormalTextRun SCXW80099242 BCX0\">Poesie di ghiaccio<\/span><\/span><\/em><span class=\"TextRun SCXW80099242 BCX0\" lang=\"IT-IT\" xml:lang=\"IT-IT\" data-contrast=\"auto\"><span class=\"NormalTextRun SCXW80099242 BCX0\"> e <\/span><\/span><em><span class=\"TextRun SCXW80099242 BCX0\" lang=\"IT-IT\" xml:lang=\"IT-IT\" data-contrast=\"auto\"><span class=\"NormalTextRun SCXW80099242 BCX0\">Poesie della notte<\/span><\/span><\/em><span class=\"TextRun SCXW80099242 BCX0\" lang=\"IT-IT\" xml:lang=\"IT-IT\" data-contrast=\"auto\"><span class=\"NormalTextRun SCXW80099242 BCX0\">. Ha tradotto, tra gli altri, Val\u00e9ry, Baudelaire, La Fontaine. Collabora con il \u00abCorriere della Sera\u00bb.<\/span><\/span><span class=\"EOP SCXW80099242 BCX0\" data-ccp-props=\"{&quot;201341983&quot;:0,&quot;335551550&quot;:6,&quot;335551620&quot;:6,&quot;335559740&quot;:259}\"> Nel 2023 ha vinto la prima edizione del Premio Strega Poesia con la raccolta <span class=\"TextRun SCXW80099242 BCX0\" lang=\"IT-IT\" xml:lang=\"IT-IT\" data-contrast=\"auto\"><span class=\"NormalTextRun SCXW80099242 BCX0\"><em>L&#8217;amore da vecchia<\/em>.<\/span><\/span><\/span><\/p>\n<p><strong>Patricia Peterle<\/strong> (S\u00e3o Paulo, 1974) \u00e8 saggista, traduttrice e professoressa di Letteratura Italiana presso il Dipartimento di Lingue e letterature straniere dell&#8217;Universidade Federal de Santa Catarina. Collabora con \u201cRascunho\u201d, \u201cAntinomie\u201d e altre riviste. Insieme ad Andrea Santurbano e Fabio Pierangeli, \u00e8 direttrice della rivista \u201cMosaico Italiano\u201d. Ha tradotto autori di grande caratura come Giorgio Caproni, Andrea Zanzotto, Giovanni Pascoli, Valerio Magrelli, Eugenio Montale, Eugenio De Signoribus, Maria Grazia Calandrone, Giorgio Agamben, Franco Rella, Roberto Esposito.<\/p>\n<p><strong>Stefano Petrocchi<\/strong> \u00e8 nato a Rieti e vive a Roma. \u00c8 direttore della Fondazione Maria e Goffredo Bellonci ed \u00e8 segretario del comitato direttivo del Premio Strega. Nel 1997, con Simone Caltabellota e Francesco Peloso, ha pubblicato l\u2019antologia di poesia contemporanea <i>Ci sono fiori che fioriscono al buio<\/i> (Frassinelli). Ha scritto saggi sulla poesia italiana del Novecento (Montale, Pasolini, Penna) e ha curato la riedizione di varie opere di Maria Bellonci e la collezione <i>I capolavori del Premio Strega<\/i>, edita dal<i> <\/i>\u00abSole 24 Ore\u00bb. Nel 2014 ha pubblicato il romanzo <i>La polveriera <\/i>(Mondadori), dedicato al Premio Strega e ai suoi protagonisti. Insegna Editoria applicata all\u2019Universit\u00e0 di Verona.<\/p>\n<p><strong>Laura Pugno<\/strong> \u00e8 poeta, scrittrice, saggista e traduttrice dall\u2019inglese, francese e spagnolo. Dirigente culturale del Ministero degli Affari Esteri, ha diretto dal 2015 al 2020 l\u2019Istituto Italiano di Cultura di Madrid. Collabora con \u00abL\u2019Espresso\u00bb, \u00abLe parole e le cose\u00bb e con Rai Radio 3. Scrive per il cinema e il teatro, collabora alla direzione della collana di poesia\u00a0<i>I domani<\/i>\u00a0di Aragno e ha ideato e diretto il festival diffuso di poesia e scrittura\u00a0<i>I quattro elementi<\/i>\u00a0(Madrid, 2018-2019). \u00c8 stata insignita, tra gli altri, del Premio Campiello Selezione Letterati, il Premio Internazionale Franco Fortini per la poesia, il Premio Frignano per la Narrativa e il Premio Dedalus. Tra le sue pubblicazioni: il romanzo\u00a0<i>Sirene<\/i>\u00a0(Marsilio 2017),\u00a0<i>Oracolo manuale per poete e poeti<\/i>, con Giulio Mozzi, (Sonzogno 2021), la raccolta di poesie\u00a0<i>Noi<\/i>\u00a0(Amos\/A27 2020), il saggio\u00a0<i>Mappa immaginaria della poesia italiana contemporanea<\/i>\u00a0(Il Saggiatore 2021), l\u2019antologia dei trovatori provenzali\u00a0<i>Il codice d\u2019amore<\/i> (Ponte alle Grazie 2022), <i>I nomi <\/i>(La nave di Teseo 2023) e <i>Noi senza mondo<\/i> (Marsilio 2024).<\/p>\n<p><strong>Antonio Riccardi<\/strong>, nato a Parma,<b> <\/b>ha studiato filosofia all\u2019Universit\u00e0 di Pavia. Dalla fine degli anni Ottanta \u00e8 impegnato nel mondo dell\u2019editoria, particolarmente alla Mondadori, di cui \u00e8 stato anche Direttore Letterario e degli Oscar. \u00c8 tra i fondatori della Societ\u00e0 Editrice Milanese (SEM) e di Aboca Edizioni. Come poeta ha pubblicato <i>Il profitto domestico<\/i> (Mondadori 1996, nuova edizione Il Saggiatore 2015; Premio Lerici Pea), <i>Gli impianti del dovere e della guerra<\/i> (Garzanti 2004; Premio Brancati), <i>Aquarama e altre poesie d\u2019amore<\/i> (Garzanti 2009; Premio Dess\u00ec, Premio Mondello) e <i>Tormenti della cattivit\u00e0<\/i> (Garzanti 2018).<br \/>\nHa pubblicato inoltre il volume di prose <i>Cosmo pi\u00f9 servizi. Divagazioni su artisti, diorami, cimiteri e vecchie zie rimaste signorine<\/i> (Sellerio 2014).<\/p>\n<p><strong>Gian Mario Villalta<\/strong><b> <\/b>\u00e8 poeta, scrittore e insegnante. Ha iniziato a pubblicare sulle riviste \u00abil verri\u00bb, \u00abStudi di Estetica\u00bb e \u00abAlfabeta\u00bb. Ha scritto saggi, romanzi e libri di poesia (sia in dialetto veneto che in italiano), e ha inoltre curato per Mondadori le<i> Poesie e prose scelte<\/i> (1999) e gli <i>Scritti sulla letteratura<\/i> (2001) di Andrea Zanzotto. Ha vinto negli anni numerosi premi con opere di narrativa e in versi, tra cui il romanzo <i>Tuo figlio<\/i> (Mondadori 2004; Premio Napoli) e le raccolte <i>Vanit\u00e0 della mente<\/i> (Mondadori 2011; Premio Viareggio) e <i>Telepatia<\/i> (LietoColle 2016; Premio Carducci). Dal 2002 \u00e8 direttore artistico di Pordenonelegge. Tra le sue ultime pubblicazioni: i romanzi <i>L\u2019apprendista<\/i> (SEM 2020; candidato al Premio Strega 2020) e <i>Parlare al buio<\/i> (SEM 2022), e i libri di poesia <i>Il scappamorte<\/i> (Amos Edizioni 2019) e <i>Dove sono gli anni <\/i>(Garzanti 2022).<\/p>\n","protected":false},"excerpt":{"rendered":"<p>Maria Grazia Calandrone \u00e8 poeta, scrittrice, giornalista e drammaturga. Autrice e conduttrice Rai, scrive sul Corriere della Sera e cura dei laboratori di poesia per le scuole e le carceri. Collabora alla direzione della collana I domani di Aragno ed \u00e8 parte del Comitato scientifico di Feltrinelli Educational e della redazione di Poesia. Tra i [&hellip;]<\/p>\n","protected":false},"author":1,"featured_media":1846,"parent":0,"menu_order":0,"comment_status":"closed","ping_status":"closed","template":"","meta":{"footnotes":""},"class_list":["post-27","page","type-page","status-publish","has-post-thumbnail","hentry"],"_links":{"self":[{"href":"https:\/\/www.premiostrega.it\/PO\/wp-json\/wp\/v2\/pages\/27","targetHints":{"allow":["GET"]}}],"collection":[{"href":"https:\/\/www.premiostrega.it\/PO\/wp-json\/wp\/v2\/pages"}],"about":[{"href":"https:\/\/www.premiostrega.it\/PO\/wp-json\/wp\/v2\/types\/page"}],"author":[{"embeddable":true,"href":"https:\/\/www.premiostrega.it\/PO\/wp-json\/wp\/v2\/users\/1"}],"replies":[{"embeddable":true,"href":"https:\/\/www.premiostrega.it\/PO\/wp-json\/wp\/v2\/comments?post=27"}],"version-history":[{"count":19,"href":"https:\/\/www.premiostrega.it\/PO\/wp-json\/wp\/v2\/pages\/27\/revisions"}],"predecessor-version":[{"id":4444,"href":"https:\/\/www.premiostrega.it\/PO\/wp-json\/wp\/v2\/pages\/27\/revisions\/4444"}],"wp:featuredmedia":[{"embeddable":true,"href":"https:\/\/www.premiostrega.it\/PO\/wp-json\/wp\/v2\/media\/1846"}],"wp:attachment":[{"href":"https:\/\/www.premiostrega.it\/PO\/wp-json\/wp\/v2\/media?parent=27"}],"curies":[{"name":"wp","href":"https:\/\/api.w.org\/{rel}","templated":true}]}}