{"id":2881,"date":"2024-07-24T16:19:24","date_gmt":"2024-07-24T14:19:24","guid":{"rendered":"https:\/\/www.premiostrega.it\/PO\/?page_id=2881"},"modified":"2026-04-19T18:10:55","modified_gmt":"2026-04-19T16:10:55","slug":"scuole","status":"publish","type":"page","link":"https:\/\/www.premiostrega.it\/PO\/scuole\/","title":{"rendered":"Scuole"},"content":{"rendered":"\t\t<div data-elementor-type=\"wp-page\" data-elementor-id=\"2881\" class=\"elementor elementor-2881\" data-elementor-post-type=\"page\">\n\t\t\t\t<div class=\"elementor-element elementor-element-9b5622b e-con-full e-flex e-con e-parent\" data-id=\"9b5622b\" data-element_type=\"container\" data-e-type=\"container\">\n\t\t<div class=\"elementor-element elementor-element-62adac9 e-con-full e-flex e-con e-child\" data-id=\"62adac9\" data-element_type=\"container\" data-e-type=\"container\">\n\t\t\t\t<div class=\"elementor-element elementor-element-343b889 elementor-widget elementor-widget-eael-adv-accordion\" data-id=\"343b889\" data-element_type=\"widget\" data-e-type=\"widget\" data-widget_type=\"eael-adv-accordion.default\">\n\t\t\t\t<div class=\"elementor-widget-container\">\n\t\t\t\t\t            <div class=\"eael-adv-accordion\" id=\"eael-adv-accordion-343b889\" data-scroll-on-click=\"no\" data-scroll-speed=\"300\" data-accordion-id=\"343b889\" data-accordion-type=\"accordion\" data-toogle-speed=\"300\">\n            <div class=\"eael-accordion-list\">\n\t\t\t\t\t<div id=\"regolamento\" class=\"elementor-tab-title eael-accordion-header\" tabindex=\"0\" data-tab=\"1\" aria-controls=\"elementor-tab-content-5471\"><span class=\"eael-advanced-accordion-icon-closed\"><svg aria-hidden=\"true\" class=\"fa-accordion-icon e-font-icon-svg e-fas-arrow-right\" viewBox=\"0 0 448 512\" xmlns=\"http:\/\/www.w3.org\/2000\/svg\"><path d=\"M190.5 66.9l22.2-22.2c9.4-9.4 24.6-9.4 33.9 0L441 239c9.4 9.4 9.4 24.6 0 33.9L246.6 467.3c-9.4 9.4-24.6 9.4-33.9 0l-22.2-22.2c-9.5-9.5-9.3-25 .4-34.3L311.4 296H24c-13.3 0-24-10.7-24-24v-32c0-13.3 10.7-24 24-24h287.4L190.9 101.2c-9.8-9.3-10-24.8-.4-34.3z\"><\/path><\/svg><\/span><span class=\"eael-advanced-accordion-icon-opened\"><svg aria-hidden=\"true\" class=\"fa-accordion-icon e-font-icon-svg e-fas-arrow-up\" viewBox=\"0 0 448 512\" xmlns=\"http:\/\/www.w3.org\/2000\/svg\"><path d=\"M34.9 289.5l-22.2-22.2c-9.4-9.4-9.4-24.6 0-33.9L207 39c9.4-9.4 24.6-9.4 33.9 0l194.3 194.3c9.4 9.4 9.4 24.6 0 33.9L413 289.4c-9.5 9.5-25 9.3-34.3-.4L264 168.6V456c0 13.3-10.7 24-24 24h-32c-13.3 0-24-10.7-24-24V168.6L69.2 289.1c-9.3 9.8-24.8 10-34.3.4z\"><\/path><\/svg><\/span><h4 class=\"eael-accordion-tab-title\">Regolamento<\/h4><\/div><div id=\"elementor-tab-content-5471\" class=\"eael-accordion-content clearfix\" data-tab=\"1\" aria-labelledby=\"regolamento\"><p><strong>Premio Strega Giovani Poesia edizione 2026<\/strong><\/p><p>Il <strong>Premio Strega Giovani Poesia<\/strong>, promosso dalla Fondazione Bellonci e da Strega Alberti SpA e in collaborazione con BPER Banca, si pone come obiettivo la diffusione della poesia italiana contemporanea presso il pubblico dei giovani adulti, riconoscendone e enfatizzandone l\u2019autonomia di giudizio.<\/p><p>Il premio \u00e8 assegnato da una giuria di studenti di et\u00e0 compresa tra i 16 e i 18 anni, provenienti da scuole secondarie superiori distribuite in tutta Italia e all\u2019estero. Concorrono a ottenere il riconoscimento i cinque libri finalisti al Premio Strega Poesia 2026, la cui selezione sar\u00e0 resa nota nel mese di maggio. L&#8217;attivit\u00e0 di lettura che coinvolger\u00e0 gli studenti inizier\u00e0 subito dopo con l\u2019invio dei testi in concorso in formato elettronico.<\/p><p>Le scuole che intendono partecipare alla giuria costituiranno un gruppo di lettura composto da dieci studenti, appartenenti alla stessa classe o a classi diverse. Ogni gruppo avr\u00e0 come referente un insegnante, il quale coordiner\u00e0 le attivit\u00e0 di lettura e rester\u00e0 in contatto con la segreteria del premio.<\/p><p>Ogni giurato sar\u00e0 chiamato a esprimere la propria preferenza per uno solo dei libri in gara, in forma anonima e per via telematica, accedendo all\u2019AREA DI VOTO del sito <a href=\"http:\/\/www.premiostrega.it\/\"><span style=\"text-decoration: underline\"><strong>www.premiostrega.it<\/strong><\/span><\/a>. La Fondazione invier\u00e0 in tempo utile la password di accesso e le istruzioni circa tempi e modalit\u00e0 di voto.<\/p><p>I giurati sono inoltre invitati a motivare la loro scelta inviando un testo scritto che concorrer\u00e0 a un premio speciale offerto da BPER Banca. Gli autori delle migliori motivazioni, accompagnati dall\u2019insegnante referente, saranno ospiti della Fondazione alla cerimonia di proclamazione del vincitore che si terr\u00e0 nel mese di ottobre. BPER Banca assegner\u00e0 un riconoscimento all\u2019autore del migliore elaborato.<\/p><p>Per aderire alla giuria, \u00e8 necessario inviare il modulo di iscrizione che si trova sul nostro sito entro il 15 maggio 2026, allegando la richiesta firmata dal Dirigente scolastico scaricabile online.<\/p><\/div>\n\t\t\t\t\t<\/div><div class=\"eael-accordion-list\">\n\t\t\t\t\t<div id=\"iscrizione-alla-giuria-del-premio\" class=\"elementor-tab-title eael-accordion-header\" tabindex=\"0\" data-tab=\"2\" aria-controls=\"elementor-tab-content-5472\"><span class=\"eael-advanced-accordion-icon-closed\"><svg aria-hidden=\"true\" class=\"fa-accordion-icon e-font-icon-svg e-fas-arrow-right\" viewBox=\"0 0 448 512\" xmlns=\"http:\/\/www.w3.org\/2000\/svg\"><path d=\"M190.5 66.9l22.2-22.2c9.4-9.4 24.6-9.4 33.9 0L441 239c9.4 9.4 9.4 24.6 0 33.9L246.6 467.3c-9.4 9.4-24.6 9.4-33.9 0l-22.2-22.2c-9.5-9.5-9.3-25 .4-34.3L311.4 296H24c-13.3 0-24-10.7-24-24v-32c0-13.3 10.7-24 24-24h287.4L190.9 101.2c-9.8-9.3-10-24.8-.4-34.3z\"><\/path><\/svg><\/span><span class=\"eael-advanced-accordion-icon-opened\"><svg aria-hidden=\"true\" class=\"fa-accordion-icon e-font-icon-svg e-fas-arrow-up\" viewBox=\"0 0 448 512\" xmlns=\"http:\/\/www.w3.org\/2000\/svg\"><path d=\"M34.9 289.5l-22.2-22.2c-9.4-9.4-9.4-24.6 0-33.9L207 39c9.4-9.4 24.6-9.4 33.9 0l194.3 194.3c9.4 9.4 9.4 24.6 0 33.9L413 289.4c-9.5 9.5-25 9.3-34.3-.4L264 168.6V456c0 13.3-10.7 24-24 24h-32c-13.3 0-24-10.7-24-24V168.6L69.2 289.1c-9.3 9.8-24.8 10-34.3.4z\"><\/path><\/svg><\/span><h4 class=\"eael-accordion-tab-title\">Iscrizione alla giuria del premio<\/h4><\/div><div id=\"elementor-tab-content-5472\" class=\"eael-accordion-content clearfix\" data-tab=\"2\" aria-labelledby=\"iscrizione-alla-giuria-del-premio\"><p>Le iscrizioni alla giuria della IV edizione del Premio Strega Giovani Poesia si chiuderanno il prossimo 15 maggio. Per effettuare l&#8217;iscrizione <span style=\"text-decoration: underline\"><a href=\"https:\/\/www.premiostrega.it\/PO\/iscrizione-giuria-giovani\/\"><strong>clicca qui.<\/strong><\/a><\/span><\/p><\/div>\n\t\t\t\t\t<\/div><div class=\"eael-accordion-list\">\n\t\t\t\t\t<div id=\"premi-alla-giuria\" class=\"elementor-tab-title eael-accordion-header\" tabindex=\"0\" data-tab=\"3\" aria-controls=\"elementor-tab-content-5473\"><span class=\"eael-advanced-accordion-icon-closed\"><svg aria-hidden=\"true\" class=\"fa-accordion-icon e-font-icon-svg e-fas-arrow-right\" viewBox=\"0 0 448 512\" xmlns=\"http:\/\/www.w3.org\/2000\/svg\"><path d=\"M190.5 66.9l22.2-22.2c9.4-9.4 24.6-9.4 33.9 0L441 239c9.4 9.4 9.4 24.6 0 33.9L246.6 467.3c-9.4 9.4-24.6 9.4-33.9 0l-22.2-22.2c-9.5-9.5-9.3-25 .4-34.3L311.4 296H24c-13.3 0-24-10.7-24-24v-32c0-13.3 10.7-24 24-24h287.4L190.9 101.2c-9.8-9.3-10-24.8-.4-34.3z\"><\/path><\/svg><\/span><span class=\"eael-advanced-accordion-icon-opened\"><svg aria-hidden=\"true\" class=\"fa-accordion-icon e-font-icon-svg e-fas-arrow-up\" viewBox=\"0 0 448 512\" xmlns=\"http:\/\/www.w3.org\/2000\/svg\"><path d=\"M34.9 289.5l-22.2-22.2c-9.4-9.4-9.4-24.6 0-33.9L207 39c9.4-9.4 24.6-9.4 33.9 0l194.3 194.3c9.4 9.4 9.4 24.6 0 33.9L413 289.4c-9.5 9.5-25 9.3-34.3-.4L264 168.6V456c0 13.3-10.7 24-24 24h-32c-13.3 0-24-10.7-24-24V168.6L69.2 289.1c-9.3 9.8-24.8 10-34.3.4z\"><\/path><\/svg><\/span><h4 class=\"eael-accordion-tab-title\">Premi alla Giuria<\/h4><\/div><div id=\"elementor-tab-content-5473\" class=\"eael-accordion-content clearfix\" data-tab=\"3\" aria-labelledby=\"premi-alla-giuria\"><p><strong>Premio speciale BPER Banca per la migliore recensione<\/strong> assegnato all\u2019autrice o all\u2019autore della migliore motivazione di uno dei libri finalisti al Premio Strega Poesia. BPER Banca assegner\u00e0 una targa e un premio in denaro.<\/p><\/div>\n\t\t\t\t\t<\/div><\/div>\t\t\t\t<\/div>\n\t\t\t\t<\/div>\n\t\t\t\t<\/div>\n\t\t\t\t<\/div>\n\t\t<div class=\"elementor-element elementor-element-e9bdcb6 e-con-full e-flex e-con e-parent\" data-id=\"e9bdcb6\" data-element_type=\"container\" data-e-type=\"container\" data-settings=\"{&quot;background_background&quot;:&quot;classic&quot;}\">\n\t\t<div class=\"elementor-element elementor-element-831bc58 e-con-full e-flex e-con e-child\" data-id=\"831bc58\" data-element_type=\"container\" data-e-type=\"container\">\n\t\t\t\t<div class=\"elementor-element elementor-element-bf0d8d2 elementor-widget elementor-widget-spacer\" data-id=\"bf0d8d2\" data-element_type=\"widget\" data-e-type=\"widget\" data-widget_type=\"spacer.default\">\n\t\t\t\t<div class=\"elementor-widget-container\">\n\t\t\t\t\t\t\t<div class=\"elementor-spacer\">\n\t\t\t<div class=\"elementor-spacer-inner\"><\/div>\n\t\t<\/div>\n\t\t\t\t\t\t<\/div>\n\t\t\t\t<\/div>\n\t\t\t\t<div class=\"elementor-element elementor-element-bfeed07 elementor-widget elementor-widget-heading\" data-id=\"bfeed07\" data-element_type=\"widget\" data-e-type=\"widget\" data-widget_type=\"heading.default\">\n\t\t\t\t<div class=\"elementor-widget-container\">\n\t\t\t\t\t<h2 class=\"elementor-heading-title elementor-size-default\">Domande frequenti<\/h2>\t\t\t\t<\/div>\n\t\t\t\t<\/div>\n\t\t\t\t<div class=\"elementor-element elementor-element-650b7d2 elementor-widget elementor-widget-eael-adv-accordion\" data-id=\"650b7d2\" data-element_type=\"widget\" data-e-type=\"widget\" data-widget_type=\"eael-adv-accordion.default\">\n\t\t\t\t<div class=\"elementor-widget-container\">\n\t\t\t\t\t            <div class=\"eael-adv-accordion\" id=\"eael-adv-accordion-650b7d2\" data-scroll-on-click=\"no\" data-scroll-speed=\"300\" data-accordion-id=\"650b7d2\" data-accordion-type=\"accordion\" data-toogle-speed=\"300\">\n            <div class=\"eael-accordion-list\">\n\t\t\t\t\t<div id=\"-possibile-modificare-i-giurati\" class=\"elementor-tab-title eael-accordion-header\" tabindex=\"0\" data-tab=\"1\" aria-controls=\"elementor-tab-content-1051\"><span class=\"eael-advanced-accordion-icon-closed\"><svg aria-hidden=\"true\" class=\"fa-accordion-icon e-font-icon-svg e-fas-arrow-right\" viewBox=\"0 0 448 512\" xmlns=\"http:\/\/www.w3.org\/2000\/svg\"><path d=\"M190.5 66.9l22.2-22.2c9.4-9.4 24.6-9.4 33.9 0L441 239c9.4 9.4 9.4 24.6 0 33.9L246.6 467.3c-9.4 9.4-24.6 9.4-33.9 0l-22.2-22.2c-9.5-9.5-9.3-25 .4-34.3L311.4 296H24c-13.3 0-24-10.7-24-24v-32c0-13.3 10.7-24 24-24h287.4L190.9 101.2c-9.8-9.3-10-24.8-.4-34.3z\"><\/path><\/svg><\/span><span class=\"eael-advanced-accordion-icon-opened\"><svg aria-hidden=\"true\" class=\"fa-accordion-icon e-font-icon-svg e-fas-arrow-up\" viewBox=\"0 0 448 512\" xmlns=\"http:\/\/www.w3.org\/2000\/svg\"><path d=\"M34.9 289.5l-22.2-22.2c-9.4-9.4-9.4-24.6 0-33.9L207 39c9.4-9.4 24.6-9.4 33.9 0l194.3 194.3c9.4 9.4 9.4 24.6 0 33.9L413 289.4c-9.5 9.5-25 9.3-34.3-.4L264 168.6V456c0 13.3-10.7 24-24 24h-32c-13.3 0-24-10.7-24-24V168.6L69.2 289.1c-9.3 9.8-24.8 10-34.3.4z\"><\/path><\/svg><\/span><h4 class=\"eael-accordion-tab-title\">\u00c8 possibile modificare i giurati?<\/h4><\/div><div id=\"elementor-tab-content-1051\" class=\"eael-accordion-content clearfix\" data-tab=\"1\" aria-labelledby=\"-possibile-modificare-i-giurati\">\u00c8 possibile se lo studente o gli studenti da sostituire non hanno ancora espresso il loro voto o partecipato al Premio Strega Giovani Poesia per la migliore recensione. \u00c8 possibile richiedere la sostituzione fino a due settimane dal termine della votazione.<\/div>\n\t\t\t\t\t<\/div><\/div>\t\t\t\t<\/div>\n\t\t\t\t<\/div>\n\t\t\t\t<\/div>\n\t\t\t\t<\/div>\n\t\t<div class=\"elementor-element elementor-element-5e25e7f e-con-full e-flex e-con e-parent\" data-id=\"5e25e7f\" data-element_type=\"container\" data-e-type=\"container\">\n\t\t<div class=\"elementor-element elementor-element-2ce4114 e-con-full e-flex e-con e-child\" data-id=\"2ce4114\" data-element_type=\"container\" data-e-type=\"container\">\n\t\t\t\t<div class=\"elementor-element elementor-element-fa0600d elementor-widget elementor-widget-spacer\" data-id=\"fa0600d\" data-element_type=\"widget\" data-e-type=\"widget\" data-widget_type=\"spacer.default\">\n\t\t\t\t<div class=\"elementor-widget-container\">\n\t\t\t\t\t\t\t<div class=\"elementor-spacer\">\n\t\t\t<div class=\"elementor-spacer-inner\"><\/div>\n\t\t<\/div>\n\t\t\t\t\t\t<\/div>\n\t\t\t\t<\/div>\n\t\t\t\t<div class=\"elementor-element elementor-element-61a80ef elementor-widget elementor-widget-heading\" data-id=\"61a80ef\" data-element_type=\"widget\" data-e-type=\"widget\" data-widget_type=\"heading.default\">\n\t\t\t\t<div class=\"elementor-widget-container\">\n\t\t\t\t\t<h2 class=\"elementor-heading-title elementor-size-default\">Info<\/h2>\t\t\t\t<\/div>\n\t\t\t\t<\/div>\n\t\t\t\t<div class=\"elementor-element elementor-element-43aca3b presenta-home elementor-widget elementor-widget-text-editor\" data-id=\"43aca3b\" data-element_type=\"widget\" data-e-type=\"widget\" data-widget_type=\"text-editor.default\">\n\t\t\t\t<div class=\"elementor-widget-container\">\n\t\t\t\t\t\t\t\t\t<p><a href=\"mailto:premiostregagiovani@gmail.com\"><span style=\"text-decoration: underline;\"><strong>premiostregagiovani@gmail.com<\/strong><\/span><\/a><\/p>\t\t\t\t\t\t\t\t<\/div>\n\t\t\t\t<\/div>\n\t\t\t\t<div class=\"elementor-element elementor-element-c4d9eac elementor-widget elementor-widget-spacer\" data-id=\"c4d9eac\" data-element_type=\"widget\" data-e-type=\"widget\" data-widget_type=\"spacer.default\">\n\t\t\t\t<div class=\"elementor-widget-container\">\n\t\t\t\t\t\t\t<div class=\"elementor-spacer\">\n\t\t\t<div class=\"elementor-spacer-inner\"><\/div>\n\t\t<\/div>\n\t\t\t\t\t\t<\/div>\n\t\t\t\t<\/div>\n\t\t\t\t<div class=\"elementor-element elementor-element-67f158b elementor-widget elementor-widget-heading\" data-id=\"67f158b\" data-element_type=\"widget\" data-e-type=\"widget\" data-widget_type=\"heading.default\">\n\t\t\t\t<div class=\"elementor-widget-container\">\n\t\t\t\t\t<h2 class=\"elementor-heading-title elementor-size-default\">Newsletter<\/h2>\t\t\t\t<\/div>\n\t\t\t\t<\/div>\n\t\t\t\t<div class=\"elementor-element elementor-element-0118e03 presenta-home elementor-widget elementor-widget-text-editor\" data-id=\"0118e03\" data-element_type=\"widget\" data-e-type=\"widget\" data-widget_type=\"text-editor.default\">\n\t\t\t\t<div class=\"elementor-widget-container\">\n\t\t\t\t\t\t\t\t\t<p><strong>Iscriviti alla newsletter<\/strong> per restare sempre aggiornato sulle nostre attivit\u00e0:<\/p>\t\t\t\t\t\t\t\t<\/div>\n\t\t\t\t<\/div>\n\t\t\t\t<div class=\"elementor-element elementor-element-3895393 elementor-align-justify elementor-widget__width-initial elementor-mobile-align-justify neutral elementor-widget elementor-widget-button\" data-id=\"3895393\" data-element_type=\"widget\" data-e-type=\"widget\" data-widget_type=\"button.default\">\n\t\t\t\t<div class=\"elementor-widget-container\">\n\t\t\t\t\t\t\t\t\t<div class=\"elementor-button-wrapper\">\n\t\t\t\t\t<a class=\"elementor-button elementor-button-link elementor-size-sm\" href=\"https:\/\/www.premiostrega.it\/PO\/newsletter\/\" target=\"_blank\">\n\t\t\t\t\t\t<span class=\"elementor-button-content-wrapper\">\n\t\t\t\t\t\t<span class=\"elementor-button-icon\">\n\t\t\t\t<svg aria-hidden=\"true\" class=\"e-font-icon-svg e-fas-paper-plane\" viewBox=\"0 0 512 512\" xmlns=\"http:\/\/www.w3.org\/2000\/svg\"><path d=\"M476 3.2L12.5 270.6c-18.1 10.4-15.8 35.6 2.2 43.2L121 358.4l287.3-253.2c5.5-4.9 13.3 2.6 8.6 8.3L176 407v80.5c0 23.6 28.5 32.9 42.5 15.8L282 426l124.6 52.2c14.2 6 30.4-2.9 33-18.2l72-432C515 7.8 493.3-6.8 476 3.2z\"><\/path><\/svg>\t\t\t<\/span>\n\t\t\t\t\t\t\t\t\t<span class=\"elementor-button-text\">Newsletter<\/span>\n\t\t\t\t\t<\/span>\n\t\t\t\t\t<\/a>\n\t\t\t\t<\/div>\n\t\t\t\t\t\t\t\t<\/div>\n\t\t\t\t<\/div>\n\t\t\t\t<\/div>\n\t\t\t\t<\/div>\n\t\t\t\t<\/div>\n\t\t","protected":false},"excerpt":{"rendered":"<p>Il Premio Strega Giovani Poesia \u00e8 assegnato da una giuria di oltre quattrocento studenti di scuole secondarie superiori distribuite in Italia e all&#8217;estero.<\/p>\n","protected":false},"author":1,"featured_media":1846,"parent":0,"menu_order":0,"comment_status":"closed","ping_status":"closed","template":"","meta":{"footnotes":""},"class_list":["post-2881","page","type-page","status-publish","has-post-thumbnail","hentry"],"_links":{"self":[{"href":"https:\/\/www.premiostrega.it\/PO\/wp-json\/wp\/v2\/pages\/2881","targetHints":{"allow":["GET"]}}],"collection":[{"href":"https:\/\/www.premiostrega.it\/PO\/wp-json\/wp\/v2\/pages"}],"about":[{"href":"https:\/\/www.premiostrega.it\/PO\/wp-json\/wp\/v2\/types\/page"}],"author":[{"embeddable":true,"href":"https:\/\/www.premiostrega.it\/PO\/wp-json\/wp\/v2\/users\/1"}],"replies":[{"embeddable":true,"href":"https:\/\/www.premiostrega.it\/PO\/wp-json\/wp\/v2\/comments?post=2881"}],"version-history":[{"count":112,"href":"https:\/\/www.premiostrega.it\/PO\/wp-json\/wp\/v2\/pages\/2881\/revisions"}],"predecessor-version":[{"id":4962,"href":"https:\/\/www.premiostrega.it\/PO\/wp-json\/wp\/v2\/pages\/2881\/revisions\/4962"}],"wp:featuredmedia":[{"embeddable":true,"href":"https:\/\/www.premiostrega.it\/PO\/wp-json\/wp\/v2\/media\/1846"}],"wp:attachment":[{"href":"https:\/\/www.premiostrega.it\/PO\/wp-json\/wp\/v2\/media?parent=2881"}],"curies":[{"name":"wp","href":"https:\/\/api.w.org\/{rel}","templated":true}]}}