{"id":16259,"date":"2023-02-16T19:10:25","date_gmt":"2023-02-16T18:10:25","guid":{"rendered":"https:\/\/www.premiostrega.it\/PSR\/?page_id=16259"},"modified":"2024-03-24T17:57:26","modified_gmt":"2024-03-24T16:57:26","slug":"2022-il-comitato-scientifico","status":"publish","type":"page","link":"https:\/\/www.premiostrega.it\/PSR\/2022-il-comitato-scientifico\/","title":{"rendered":"2022 Comitato scientifico"},"content":{"rendered":"<p><strong>Marco Bartolomucci<\/strong><br \/>\nVideomaker, laureato in teoria e tecnica del linguaggio cinematografico, ha esperienze in ambito di autoproduzione e gestione di piccole troupe, organizzazione festival di cortometraggi e documentari, realizzazione di video autoriali e commerciali. Ha curato diversi laboratori audiovisivi per bambini e adolescenti presso cooperative sociali, associazioni culturali e centri d\u2019aggregazione giovanile. Collabora con la soc. coop. Taitle-Ingegno Multiforme e con l\u2019Associazione Culturale Chirone alla realizzazione degli eventi della Biblioteca comunale di Tolfa, che ha ottenuto nel 2021 il premio BPER Banca per la migliore attivit\u00e0 di lettura categoria 8+.<\/p>\n<p><strong>Laura Bellacicco<\/strong><br \/>\n\u00c8 docente di sostegno della scuola primaria e responsabile della Biblioteca Scolastica dell\u2019Istituto Carano Mazzini risultato lo scorso anno vincitore del premio BPER Banca per le scuole. Da sempre appassionata di letteratura per l\u2019infanzia, porta avanti progetti di promozione della lettura collaborando con la Biblioteca Comunale e il Presidio del Libro di Gioia del Colle. Nel tempo libero saltella tra le pagine dei libri, prestando la sua voce per allietare i <em>Piccoli chi<\/em> che incontra sul suo cammino.<\/p>\n<p><strong>Flavia Cristiano<\/strong><br \/>\n\u00c8 presidente di IBBY Italia. \u00c8 stata direttore del Centro per il libro e la lettura e dirigente del Ministero per i beni e le attivit\u00e0 culturali, con esperienza professionale pluriennale non soltanto nel mondo istituzionale delle biblioteche, ma anche in quello scientifico come docente e studiosa in materia di storia del libro e del commercio librario.<\/p>\n<p><strong>Fabio Geda<\/strong><br \/>\nFabio Geda, scrittore, si \u00e8 occupato per anni di disagio minorile. Tra i suoi romanzi <em>Nel mare ci sono i coccodrilli<\/em> (Baldini e Castoldi), <em>Anime scalze<\/em> (Einaudi) e la saga <em>Berlin e Il lato oscuro della luna<\/em> (Mondadori Ragazzi) scritta insieme a Marco Magnone.<\/p>\n<p><strong>Grazia Gotti<\/strong><br \/>\n\u00c8 coofondatrice della Libreria Giannino Stoppani e Presidente dell\u2019omonima Cooperativa che ha dato vita all\u2019Accademia Drosselmeier, Scuola per Librai e Centro Studi. Collabora con editori italiani e stranieri, \u00e8 consulente della Bologna Children\u2019s Book Fair e membro Ibby Italia. Tiene la rubrica Mappamondi sulla rivista \u00abLIBER\u00bb. Pubblica per adulti e per ragazzi con Einaudi Ragazzi, Bompiani, Lapis, Edizioni Primavera. \u00c8 presidente del Comitato Nazionale Gianni Rodari.<\/p>\n<p><strong>Maria Greco<\/strong><br \/>\n\u00c8 docente di lettere, attualmente Responsabile Scuola del Centro per il libro e la lettura del Ministero della Cultura. Si occupa di letteratura per l\u2019infanzia e l\u2019adolescenza, coordinando progetti di promozione della lettura nelle scuole di ogni ordine e grado del territorio italiano e nelle scuole italiane all\u2019estero. Promuove e coordina per il Centro anche corsi di formazione per gli insegnanti sull\u2019educazione alla lettura. \u00c8 responsabile della campagna nazionale \u201cLibriamoci\u201d.<\/p>\n<p><strong>Martino Negri<\/strong><br \/>\n\u00c8 ricercatore all\u2019Universit\u00e0 degli studi di Milano-Bicocca, dove insegna Didattica della letteratura e Letteratura per l\u2019infanzia.<\/p>\n<p><strong>Elena Pasoli<\/strong><br \/>\n\u00c8 direttrice della Bologna Children\u2019s Book Fair, con la quale ha collaborato, in diversi ruoli, fin dagli anni Novanta.<\/p>\n<p><strong>Giovanni Solimine<\/strong><br \/>\nInsegna alla Sapienza \u2013 Universit\u00e0 di Roma, dove dirige il dipartimento di Scienze documentarie, linguistiche e filologiche. Studioso di problemi del libro, dell\u2019editoria, della lettura e delle biblioteche \u2013 suoi i volumi <em>L\u2019Italia che legge<\/em> e <em>Senza sapere<\/em>, pubblicati da Laterza \u2013 \u00e8 stato presidente del Forum del libro e componente del Consiglio superiore dei beni culturali.<\/p>\n<p><strong>Ilaria Tagliaferri<\/strong><br \/>\n\u00c8 direttrice della rivista \u00abLiBeR\u00bb da ottobre 2019, lavora per Idest e per la Biblioteca Tiziano Terzani dal 2002, occupandosi sia dell\u2019area biblioteconomica che di quella redazionale, con particolare riferimento alle attivit\u00e0 che riguardano il fondo librario per bambini e ragazzi e alla rivista \u00abLiBeR\u00bb, trimestrale che rappresenta dal 1988 l\u2019osservatorio privilegiato dei fenomeni che hanno interessato il mondo del libro per bambini e ragazzi, vere chiavi di volta per la comprensione di atteggiamenti, vissuti, propensioni e immaginario dell\u2019infanzia attuale. \u00c8 referente del Centro regionale di documentazione servizi per le biblioteche per ragazzi toscane, istituito presso la Biblioteca Tiziano Terzani in base a una convenzione tra Regione Toscana e Comune di Campi Bisenzio, al fine di assicurare a tutte le biblioteche pubbliche toscane sia la consulenza professionale in riferimento allo sviluppo e all\u2019organizzazione delle raccolte e dei servizi per bambini e ragazzi, sia l\u2019aggiornamento e la formazione di bibliotecari toscani impegnati nell\u2019area dei servizi per bambini e ragazzi.<\/p>\n<p><strong>Virginia Tonfoni<\/strong><br \/>\nInsegna in un liceo e da anni si occupa di graphic novel: collabora con \u00abAlias\u00bb del \u00abManifesto\u00bb e con diversi festival letterari e di fumetto. \u00c8 giurata del Premio Boscarato, del premio Pozzale-Luigi Russo e del neonato Premio Tuono Pettinato. Si dedica ai Comic Studies come ricercatrice indipendente ed \u00e8 coautrice della biografia a fumetti di Violeta Parra (Bao Publishing) e di Tutti i critici sono bastardi (Edizioni Sido).<\/p>\n","protected":false},"excerpt":{"rendered":"<p>Marco Bartolomucci Videomaker, laureato in teoria e tecnica del linguaggio cinematografico, ha esperienze in ambito di autoproduzione e gestione di piccole troupe, organizzazione festival di cortometraggi e documentari, realizzazione di video autoriali e commerciali. Ha curato diversi laboratori audiovisivi per bambini e adolescenti presso cooperative sociali, associazioni culturali e centri d\u2019aggregazione giovanile. Collabora con la [&hellip;]<\/p>\n","protected":false},"author":1,"featured_media":18023,"parent":0,"menu_order":0,"comment_status":"closed","ping_status":"closed","template":"","meta":{"footnotes":""},"class_list":["post-16259","page","type-page","status-publish","has-post-thumbnail","hentry"],"_links":{"self":[{"href":"https:\/\/www.premiostrega.it\/PSR\/wp-json\/wp\/v2\/pages\/16259","targetHints":{"allow":["GET"]}}],"collection":[{"href":"https:\/\/www.premiostrega.it\/PSR\/wp-json\/wp\/v2\/pages"}],"about":[{"href":"https:\/\/www.premiostrega.it\/PSR\/wp-json\/wp\/v2\/types\/page"}],"author":[{"embeddable":true,"href":"https:\/\/www.premiostrega.it\/PSR\/wp-json\/wp\/v2\/users\/1"}],"replies":[{"embeddable":true,"href":"https:\/\/www.premiostrega.it\/PSR\/wp-json\/wp\/v2\/comments?post=16259"}],"version-history":[{"count":10,"href":"https:\/\/www.premiostrega.it\/PSR\/wp-json\/wp\/v2\/pages\/16259\/revisions"}],"predecessor-version":[{"id":19825,"href":"https:\/\/www.premiostrega.it\/PSR\/wp-json\/wp\/v2\/pages\/16259\/revisions\/19825"}],"wp:featuredmedia":[{"embeddable":true,"href":"https:\/\/www.premiostrega.it\/PSR\/wp-json\/wp\/v2\/media\/18023"}],"wp:attachment":[{"href":"https:\/\/www.premiostrega.it\/PSR\/wp-json\/wp\/v2\/media?parent=16259"}],"curies":[{"name":"wp","href":"https:\/\/api.w.org\/{rel}","templated":true}]}}