{"id":17699,"date":"2023-11-17T12:48:30","date_gmt":"2023-11-17T11:48:30","guid":{"rendered":"https:\/\/www.premiostrega.it\/PSR\/?page_id=17699"},"modified":"2024-03-24T17:52:41","modified_gmt":"2024-03-24T16:52:41","slug":"2023-il-comitato-scientifico","status":"publish","type":"page","link":"https:\/\/www.premiostrega.it\/PSR\/2023-il-comitato-scientifico\/","title":{"rendered":"2023 Comitato scientifico"},"content":{"rendered":"\t\t<div data-elementor-type=\"wp-page\" data-elementor-id=\"17699\" class=\"elementor elementor-17699\" data-elementor-post-type=\"page\">\n\t\t\t\t\t\t<section class=\"elementor-section elementor-top-section elementor-element elementor-element-a2878c3 elementor-section-boxed elementor-section-height-default elementor-section-height-default\" data-id=\"a2878c3\" data-element_type=\"section\" data-e-type=\"section\">\n\t\t\t\t\t\t<div class=\"elementor-container elementor-column-gap-default\">\n\t\t\t\t\t<div class=\"elementor-column elementor-col-100 elementor-top-column elementor-element elementor-element-354cb86\" data-id=\"354cb86\" data-element_type=\"column\" data-e-type=\"column\">\n\t\t\t<div class=\"elementor-widget-wrap elementor-element-populated\">\n\t\t\t\t\t\t<section class=\"elementor-section elementor-inner-section elementor-element elementor-element-ac5b781 elementor-section-boxed elementor-section-height-default elementor-section-height-default\" data-id=\"ac5b781\" data-element_type=\"section\" data-e-type=\"section\">\n\t\t\t\t\t\t<div class=\"elementor-container elementor-column-gap-default\">\n\t\t\t\t\t<div class=\"elementor-column elementor-col-100 elementor-inner-column elementor-element elementor-element-c9a8f73\" data-id=\"c9a8f73\" data-element_type=\"column\" data-e-type=\"column\">\n\t\t\t<div class=\"elementor-widget-wrap elementor-element-populated\">\n\t\t\t\t\t\t<div class=\"elementor-element elementor-element-1477f28 elementor-widget elementor-widget-text-editor\" data-id=\"1477f28\" data-element_type=\"widget\" data-e-type=\"widget\" data-widget_type=\"text-editor.default\">\n\t\t\t\t\t\t\t\t\t<p><strong>Alessandra Baldi <\/strong>\u00e8 nata e vive in Toscana. Si \u00e8 laureata in Letteratura italiana presso l\u2019Universit\u00e0 di Firenze.\u00a0\u00c8 insegnante di scuola primaria presso Scuola-Citt\u00e0 Pestalozzi a Firenze e lo scorso anno i suoi alunni hanno partecipato, in qualit\u00e0 di giurati, al Premio Strega Ragazzi e Ragazze.\u00a0Da anni \u00e8 attiva in Agesci (Associazione Guide e Scout Cattolici Italiani), sia come educatrice che come formatrice. Sempre per Agesci ha ricoperto incarichi anche a livello nazionale, occupandosi della riflessione educativa e metodologica per la fascia di et\u00e0 dagli otto agli undici anni.<\/p><p><strong>Simonetta Bitasi<\/strong> si \u00e8 laureata a Bologna in Lettere Moderne sotto la guida di Ezio Raimondi. Dopo gli studi universitari ha lavorato come libraia e ha iniziato a occuparsi di libri e letteratura per vari periodici, tra i quali\u00a0\u00abDiario\u00bb,\u00a0\u00abLiber\u00bb\u00a0e\u00a0\u00abGQ Italia\u00bb. Tiene tuttora una rubrica settimanale nelle pagine culturali della\u00a0\u00abGazzetta di Mantova\u00bb<em>\u00a0<\/em>e ha condotto a lungo le rassegne stampa di Radio Base. Collabora come consulente agli acquisti delle biblioteche mantovane e realizza progetti di promozione alla lettura rivolti a giovani e adulti anche attraverso le pagine del sito\u00a0<a href=\"http:\/\/www.lettoreambulante.it\/\" target=\"_blank\" rel=\"noopener\"><em>Lettore Ambulante<\/em><\/a>.<\/p><p><strong>Lorenzo Cantatore <\/strong>dottore di ricerca in Italianistica, \u00e8 professore ordinario di Storia della Pedagogia nell\u2019Universit\u00e0 degli Studi Roma Tre, dove insegna Letteratura per l\u2019infanzia e dirige il MuSEd \u2013 Museo della Scuola e dell\u2019Educazione. Nelle sue ricerche si \u00e8 occupato in particolare di intersezioni tra arte, letteratura ed educazione tra Otto e Novecento. Tra i suoi titoli ricordiamo <em>Parva sed apta mihi: il paesaggio domestico nella letteratura per l\u2019infanzia fra XIX e XX secolo<\/em> (ETS, Pisa 2015). Ha inoltre curato <em>Primo: leggere. Per un\u2019educazione alla lettura<\/em> (Edizioni Conoscenza, Roma 2017) e, con S. Barsotti, <em>Letteratura per l\u2019infanzia: forme, temi e simboli del contemporaneo<\/em> (Carocci, Roma 2019).<\/p><p><strong>Eliana Conti <\/strong>\u00e8 nata nel 1968, laureata in Pedagogia. \u00c8 insegnante di scuola primaria presso l&#8217;Istituto comprensivo Tetti Francesi di Rivalta di Torino. Lo scorso anno i suoi alunni hanno partecipato, in qualit\u00e0 di giurati, al Premio Strega\u00a0Ragazze e Ragazzi vincendo il Premio speciale BPER Banca per la migliore attivit\u00e0 di lettura dei libri finalisti, categoria 8+.<\/p><p><strong>Maria Greco<\/strong>, docente di lettere, latinista e grecista, \u00e8 titolare di un progetto di ricerca sugli effetti della biblioterapia a scuola all\u2019interno di un dottorato di ricerca congiunto tra l\u2019Universit\u00e0 degli studi \u201cG. d\u2019Annunzio\u201d di Chieti-Pescara e il Centro per il libro e la lettura. Dal 2020 \u00e8 responsabile dei progetti di aggiornamento e formazione dei docenti del Cepell.<\/p><p><strong>Martino Negri<\/strong> insegna presso l\u2019Universit\u00e0 degli Studi di Milano-Bicocca. Le sue ricerche si sviluppano nell\u2019ambito della letteratura per l\u2019infanzia e della didattica della letteratura, focalizzandosi sulla forma narrativa del <em>picture book<\/em>. Collabora con la rivista \u00abHamelin. Storie, figure, pedagogia\u00bb. Ha pubblicato <em>Viperetta. Storia di un libro<\/em> (Scalpendi, 2010) e ha curato, con F. Cappa, l\u2019edizione di W. Benjamin, <em>Figure dell\u2019infanzia. Educazione, letteratura, immaginario<\/em> (Raffaello Cortina, 2012).<\/p><p><strong>Elena Pasoli <\/strong>si occupa da sempre di promozione culturale e da oltre vent\u2019anni di editoria per ragazzi e illustrazione. Exhibition Manager della Bologna Children\u2019s Book Fair, la fiera professionale leader mondiale nel settore libri e contenuti per giovani lettori, ha vinto, nel 2018, il premio internazionale Eric Carle Honor. Fa parte dei consigli di amministrazione del Centro per il Libro e la Lettura e dell\u2019istituzione internazionale IBBY ed \u00e8 membro attivo di PublisHer, network mondiale di professioniste impegnate nel mondo editoriale.<\/p><p><strong>Giovanni Solimine<\/strong> (presidente)<em>, <\/em>gi\u00e0 docente fino al 2021 della Sapienza Universit\u00e0 di Roma, dove ha diretto il Dipartimento di Lettere e Culture moderne. Studioso di problemi del libro, dell\u2019editoria, della lettura e delle biblioteche, ha pubblicato i saggi\u00a0L\u2019Italia che legge,\u00a0Senza sapere. Il costo dell&#8217;ignoranza in Italia\u00a0e\u00a0La cultura orizzontale\u00a0(con Giorgio Zanchini), editi da Laterza. \u00c8 presidente onorario del Forum del libro.<\/p><p><strong>Ilaria Tagliaferri<\/strong> direttrice della rivista \u00abLiBeR\u00bb, lavora per Idest e per la Biblioteca Tiziano Terzani dal 2002, occupandosi sia dell\u2019area biblioteconomica che di quella redazionale, con particolare riferimento alle attivit\u00e0 che riguardano il fondo librario per bambini e ragazzi. \u00c8 referente del Centro regionale di documentazione servizi per le biblioteche per ragazzi toscane, istituito presso la Biblioteca Tiziano Terzani.<\/p><p><strong>Nadia Terranova <\/strong>\u00e8 una scrittrice e saggista. Nata in Sicilia, dopo gli studi in filosofia, si trasferisce a Roma, dove inizia la sua carriera come scrittrice sia di narrativa classica che di libri per ragazzi. Esordisce, nel 2015, con\u00a0<em>Gli anni al contrario\u00a0<\/em>(Einaudi). Nel 2018 pubblica\u00a0<em>Addio Fantasmi<\/em>\u00a0(Einaudi), finalista al Premio Strega 2019. Collabora con\u00a0\u00abVanity Fair\u00bb, curando la rubrica\u00a0<em>Sirene<\/em>, in cui racconta storie di donne contemporanee; scrive per varie testate come\u00a0\u00abla Repubblica<em>\u00bb<\/em>,\u00a0\u00abil Foglio\u00bb,\u00a0\u00abTuttoLibri\u00bb<em>\u00a0<\/em>e da novembre 2020 cura e dirige la rivista letteraria \u00abLinkiesta\u00a0<em>K<\/em>\u00bb. Con il libro\u00a0<em>Il segreto\u00a0<\/em>(Mondadori) ha vinto il Premio Strega Ragazze e Ragazzi 2022, categoria 8+. Il suo ultimo romanzo \u00e8\u00a0<em>Trema la notte<\/em>\u00a0(Einaudi 2022).<\/p><p><strong>Marcella Terrusi, <\/strong>dottore di ricerca in Pedagogia, svolge attivit\u00e0 di ricerca nell\u2019ambito delle culture di infanzia, della storia della letteratura, dell&#8217;editoria internazionale per l\u2019infanzia. Consulente scientifica di Bologna Children\u2019s Book Fair e attivista di IBBY, promotrice di progetti di inclusione come Piccole Biblioteche in Lingua Araba, ha tenuto conferenze in Italia e all\u2019estero, in universit\u00e0 straniere come Columbia University, Salisbury University, Louisiana State University (USA), Anglia Ruskin University (UK), University of Sharjah (Emirates). Le sue monografie\u00a0sono<em>\u00a0Albi illustrati. Leggere guardare nominare il mondo nei libri per l&#8217;infanzia<\/em>\u00a0(Carocci, 2012);\u00a0<em>Meraviglie mute. Silent book e letteratura per l&#8217;infanzia\u00a0<\/em>(Carocci, 2017).<\/p><p><strong>Virginia Tonfoni <\/strong>\u00e8 una giornalista e fumettista, nata a Livorno nel 1978. Si laurea in Lingue e letterature straniere a Pisa e si trasferisce a Barcellona per seguire un master in Comunicazione, per poi iniziare a lavorare nel campo dell\u2019editoria e del cinema per sette anni. Nel 2012 decide di tornare a Livorno, dove ora vive e scrive per diverse testate giornalistiche. Ha firmato articoli per \u00abIl Manifesto\u00bb, \u00abIl Fatto Quotidiano\u00bb e \u00abFumettologica\u00bb. Il suo esordio nel mondo del fumetto \u00e8 <em>Violeta<\/em>, che viene pubblicato da BAO Publishing nel 2017.<\/p>\t\t\t\t\t\t\t\t<\/div>\n\t\t\t\t\t<\/div>\n\t\t<\/div>\n\t\t\t\t\t<\/div>\n\t\t<\/section>\n\t\t\t\t\t<\/div>\n\t\t<\/div>\n\t\t\t\t\t<\/div>\n\t\t<\/section>\n\t\t\t\t<\/div>\n\t\t","protected":false},"excerpt":{"rendered":"<p>Alessandra Baldi \u00e8 nata e vive in Toscana. Si \u00e8 laureata in Letteratura italiana presso l\u2019Universit\u00e0 di Firenze.\u00a0\u00c8 insegnante di scuola primaria presso Scuola-Citt\u00e0 Pestalozzi a Firenze e lo scorso anno i suoi alunni hanno partecipato, in qualit\u00e0 di giurati, al Premio Strega Ragazzi e Ragazze.\u00a0Da anni \u00e8 attiva in Agesci (Associazione Guide e Scout [&hellip;]<\/p>\n","protected":false},"author":1,"featured_media":1440,"parent":0,"menu_order":0,"comment_status":"closed","ping_status":"closed","template":"","meta":{"footnotes":""},"class_list":["post-17699","page","type-page","status-publish","has-post-thumbnail","hentry"],"_links":{"self":[{"href":"https:\/\/www.premiostrega.it\/PSR\/wp-json\/wp\/v2\/pages\/17699","targetHints":{"allow":["GET"]}}],"collection":[{"href":"https:\/\/www.premiostrega.it\/PSR\/wp-json\/wp\/v2\/pages"}],"about":[{"href":"https:\/\/www.premiostrega.it\/PSR\/wp-json\/wp\/v2\/types\/page"}],"author":[{"embeddable":true,"href":"https:\/\/www.premiostrega.it\/PSR\/wp-json\/wp\/v2\/users\/1"}],"replies":[{"embeddable":true,"href":"https:\/\/www.premiostrega.it\/PSR\/wp-json\/wp\/v2\/comments?post=17699"}],"version-history":[{"count":17,"href":"https:\/\/www.premiostrega.it\/PSR\/wp-json\/wp\/v2\/pages\/17699\/revisions"}],"predecessor-version":[{"id":19804,"href":"https:\/\/www.premiostrega.it\/PSR\/wp-json\/wp\/v2\/pages\/17699\/revisions\/19804"}],"wp:featuredmedia":[{"embeddable":true,"href":"https:\/\/www.premiostrega.it\/PSR\/wp-json\/wp\/v2\/media\/1440"}],"wp:attachment":[{"href":"https:\/\/www.premiostrega.it\/PSR\/wp-json\/wp\/v2\/media?parent=17699"}],"curies":[{"name":"wp","href":"https:\/\/api.w.org\/{rel}","templated":true}]}}