{"id":4915,"date":"2018-09-17T15:13:13","date_gmt":"2018-09-17T13:13:13","guid":{"rendered":"https:\/\/www.premiostrega.it\/PSR\/?page_id=4915"},"modified":"2024-03-24T17:53:11","modified_gmt":"2024-03-24T16:53:11","slug":"2018-il-comitato-scientifico","status":"publish","type":"page","link":"https:\/\/www.premiostrega.it\/PSR\/2018-il-comitato-scientifico\/","title":{"rendered":"2018 Comitato scientifico"},"content":{"rendered":"<p><strong>Emma Beseghi<\/strong><br \/>\n\u00c8 professore ordinario di Letteratura per l\u2019Infanzia presso l\u2019Universit\u00e0 di Bologna, coordinatrice del Dottorato di Ricerca in Scienze Pedagogiche e responsabile scientifica del Centro di Ricerca in Letteratura per l\u2019Infanzia.<\/p>\n<p><strong>Pino Boero<\/strong><br \/>\nInsegna Letteratura per l\u2019infanzia e Pedagogia della lettura presso l\u2019Universit\u00e0 di Genova ed \u00e8 assessore alla Scuola, allo Sport e alle Politiche Giovanili del capoluogo ligure.<\/p>\n<p><strong>Ermanno Detti<\/strong><br \/>\nDirige la rivista di letteratura per ragazzi \u201cIl Pepe Verde\u201d, da lui fondata nel 1999, ed \u00e8 direttore della rivista \u201cArticolo 33\u201d.<\/p>\n<p><strong>Arianna Di Pietro<\/strong><br \/>\nNarratrice e libraia presso la libreria dei ragazzi \u201cIl Mosaico\u201d di Imola. Dal 2002 si occupa di promuovere la letteratura per ragazzi, privilegiando il canale della lettura ad alta voce come strumento di condivisione.<\/p>\n<p><strong>Marta Marchi<\/strong><br \/>\nDocente, media educator e formatrice. Si occupa da decenni di Biblioteca Scolastica, di Letteratura per l\u2019Infanzia e di Didattica in biblioteca. Promuove il libro di qualit\u00e0 e i diversi linguaggi mediali convinta che essi possano restituire parola e identit\u00e0 a tutti gli studenti, rispettando e valorizzando la diversit\u00e0 di culture, idiomi e tradizioni.<\/p>\n<p><strong>Riccardo Pontegobbi<\/strong><br \/>\n\u00c8 tra i fondatori della rivista trimestrale di informazione bibliografica e di critica di letteratura per l\u2019infanzia \u201cLiBeR\u201d, della quale \u00e8 condirettore a partire dall\u2019aprile 1993.<\/p>\n<p><strong>Giovanni Solimine<\/strong><br \/>\nInsegna alla Sapienza \u2013 Universit\u00e0 di Roma, dove dirige il dipartimento di Scienze documentarie, linguistiche e filologiche. Studioso di problemi del libro, dell\u2019editoria, della lettura e delle biblioteche \u2013 suoi i volumi <em>L\u2019Italia che legge<\/em> e <em>Senza sapere<\/em>, pubblicati da Laterza \u2013 \u00e8 stato presidente del Forum del libro e componente del Consiglio superiore dei beni culturali.<\/p>\n<p><strong>Fiammetta Terlizzi<\/strong><br \/>\n\u00c8 direttore della Biblioteca Angelica di Roma (MiBACT), Istituto nel quale ha iniziato la sua carriera come responsabile del Fondo Antico, coordinando numerosi progetti di catalogazione del libro antico. Con la Biblioteca Comunale di Urbania e la Biblioteca Alessandrina di Roma ha collaborato all\u2019ideazione e al progetto scientifico della ricostruzione bibliografica della biblioteca di Francesco Maria II della Rovere. Consulente scientifico di mostre in Italia e all\u2019estero, \u00e8 autrice fra l\u2019altro di numerose pubblicazioni inerenti la sua professione di bibliotecario.<\/p>\n","protected":false},"excerpt":{"rendered":"<p>Emma Beseghi \u00c8 professore ordinario di Letteratura per l\u2019Infanzia presso l\u2019Universit\u00e0 di Bologna, coordinatrice del Dottorato di Ricerca in Scienze Pedagogiche e responsabile scientifica del Centro di Ricerca in Letteratura per l\u2019Infanzia. Pino Boero Insegna Letteratura per l\u2019infanzia e Pedagogia della lettura presso l\u2019Universit\u00e0 di Genova ed \u00e8 assessore alla Scuola, allo Sport e alle [&hellip;]<\/p>\n","protected":false},"author":1,"featured_media":18023,"parent":0,"menu_order":0,"comment_status":"closed","ping_status":"closed","template":"","meta":{"footnotes":""},"class_list":["post-4915","page","type-page","status-publish","has-post-thumbnail","hentry"],"_links":{"self":[{"href":"https:\/\/www.premiostrega.it\/PSR\/wp-json\/wp\/v2\/pages\/4915","targetHints":{"allow":["GET"]}}],"collection":[{"href":"https:\/\/www.premiostrega.it\/PSR\/wp-json\/wp\/v2\/pages"}],"about":[{"href":"https:\/\/www.premiostrega.it\/PSR\/wp-json\/wp\/v2\/types\/page"}],"author":[{"embeddable":true,"href":"https:\/\/www.premiostrega.it\/PSR\/wp-json\/wp\/v2\/users\/1"}],"replies":[{"embeddable":true,"href":"https:\/\/www.premiostrega.it\/PSR\/wp-json\/wp\/v2\/comments?post=4915"}],"version-history":[{"count":13,"href":"https:\/\/www.premiostrega.it\/PSR\/wp-json\/wp\/v2\/pages\/4915\/revisions"}],"predecessor-version":[{"id":19808,"href":"https:\/\/www.premiostrega.it\/PSR\/wp-json\/wp\/v2\/pages\/4915\/revisions\/19808"}],"wp:featuredmedia":[{"embeddable":true,"href":"https:\/\/www.premiostrega.it\/PSR\/wp-json\/wp\/v2\/media\/18023"}],"wp:attachment":[{"href":"https:\/\/www.premiostrega.it\/PSR\/wp-json\/wp\/v2\/media?parent=4915"}],"curies":[{"name":"wp","href":"https:\/\/api.w.org\/{rel}","templated":true}]}}