{"id":6503,"date":"2016-10-17T15:21:10","date_gmt":"2016-10-17T13:21:10","guid":{"rendered":"https:\/\/www.premiostrega.it\/PSR\/?page_id=6503"},"modified":"2024-03-24T17:56:43","modified_gmt":"2024-03-24T16:56:43","slug":"2020-il-comitato-scientifico","status":"publish","type":"page","link":"https:\/\/www.premiostrega.it\/PSR\/2020-il-comitato-scientifico\/","title":{"rendered":"2020 Comitato scientifico"},"content":{"rendered":"<p><strong>Maria Coleti<\/strong><br \/>\nDocente di ruolo nella scuola primaria, partecipa alla commissione in quanto la sua scuola ha vinto il contest per le scuole della precedente edizione. Si interessa di lettura, poesia e teatro e promuove nella scuola progetti e laboratori che integrano queste passioni. Crede nel valore della lettura condivisa e ad alta voce.<br \/>\n<strong><br \/>\nFlavia Cristiano<\/strong><br \/>\nFlavia Cristiano direttore del Centro per il libro e la lettura \u00e8 dirigente del Ministero per i beni e le attivit\u00e0 culturali, con esperienza professionale pluriennale non soltanto nel mondo istituzionale delle biblioteche, ma anche in quello scientifico come docente e studiosa in materia di storia del libro e del commercio librario.<\/p>\n<p><strong>Fabio Geda<\/strong><br \/>\nFabio Geda, scrittore, si \u00e8 occupato per anni di disagio minorile. Tra i suoi romanzi\u00a0<em>Nel\u00a0mare ci sono i coccodrilli<\/em>\u00a0(Baldini e Castoldi),\u00a0<em>Anime scalze<\/em>\u00a0(Einaudi) e la saga\u00a0<em>Berlin<\/em> (Mondadori Ragazzi)\u00a0scritta insieme a Marco Magnone.<\/p>\n<p><strong>Giovanna Micaglio<\/strong><br \/>\nResponsabile Ufficio Scuola e Ufficio Universit\u00e0 Istituzione Biblioteche e Centri Culturali (ISBCC). Fa parte dal 2007 del direttivo ed \u00e8 responsabile delle attivit\u00e0 culturali dell\u2019Associazione di volontariato Il Melograno Solidariet\u00e0 Ambiente Cultura.<\/p>\n<p><strong>Martino Negri<\/strong><br \/>\n\u00c8 ricercatore all\u2019Universit\u00e0 degli studi di Milano-Bicocca, dove insegna Didattica della letteratura e Letteratura per l\u2019infanzia.<br \/>\n<strong><br \/>\nElena Pasoli<\/strong><br \/>\n\u00c8 exhibition manager della Bologna Children\u2019s Book Fair, con la quale ha collaborato, in diversi ruoli, fin dagli anni Novanta.<\/p>\n<p><strong>Giovanni Solimine<\/strong><br \/>\nInsegna alla Sapienza \u2013 Universit\u00e0 di Roma, dove dirige il dipartimento di Scienze documentarie, linguistiche e filologiche. Studioso di problemi del libro, dell\u2019editoria, della lettura e delle biblioteche \u2013 suoi i volumi <em>L\u2019Italia che legge<\/em> e <em>Senza sapere<\/em>, pubblicati da Laterza \u2013 \u00e8 stato presidente del Forum del libro e componente del Consiglio superiore dei beni culturali.<br \/>\n<strong><br \/>\nAlessandra Starace<\/strong><br \/>\nLibraia e promotrice della lettura, biblioterapista, fondatrice di Tata Libro, blog dedicato alla letteratura per bambini e ragazzi. Ideatrice dei SEMInari, tavole rotonde per approfondire tematiche relative alla letteratura per l\u2019infanzia.<\/p>\n","protected":false},"excerpt":{"rendered":"<p>Maria Coleti Docente di ruolo nella scuola primaria, partecipa alla commissione in quanto la sua scuola ha vinto il contest per le scuole della precedente edizione. Si interessa di lettura, poesia e teatro e promuove nella scuola progetti e laboratori che integrano queste passioni. Crede nel valore della lettura condivisa e ad alta voce. Flavia [&hellip;]<\/p>\n","protected":false},"author":1,"featured_media":18023,"parent":0,"menu_order":0,"comment_status":"closed","ping_status":"closed","template":"","meta":{"footnotes":""},"class_list":["post-6503","page","type-page","status-publish","has-post-thumbnail","hentry"],"_links":{"self":[{"href":"https:\/\/www.premiostrega.it\/PSR\/wp-json\/wp\/v2\/pages\/6503","targetHints":{"allow":["GET"]}}],"collection":[{"href":"https:\/\/www.premiostrega.it\/PSR\/wp-json\/wp\/v2\/pages"}],"about":[{"href":"https:\/\/www.premiostrega.it\/PSR\/wp-json\/wp\/v2\/types\/page"}],"author":[{"embeddable":true,"href":"https:\/\/www.premiostrega.it\/PSR\/wp-json\/wp\/v2\/users\/1"}],"replies":[{"embeddable":true,"href":"https:\/\/www.premiostrega.it\/PSR\/wp-json\/wp\/v2\/comments?post=6503"}],"version-history":[{"count":20,"href":"https:\/\/www.premiostrega.it\/PSR\/wp-json\/wp\/v2\/pages\/6503\/revisions"}],"predecessor-version":[{"id":19821,"href":"https:\/\/www.premiostrega.it\/PSR\/wp-json\/wp\/v2\/pages\/6503\/revisions\/19821"}],"wp:featuredmedia":[{"embeddable":true,"href":"https:\/\/www.premiostrega.it\/PSR\/wp-json\/wp\/v2\/media\/18023"}],"wp:attachment":[{"href":"https:\/\/www.premiostrega.it\/PSR\/wp-json\/wp\/v2\/media?parent=6503"}],"curies":[{"name":"wp","href":"https:\/\/api.w.org\/{rel}","templated":true}]}}