{"id":9,"date":"2015-09-16T10:44:46","date_gmt":"2015-09-16T08:44:46","guid":{"rendered":"http:\/\/www.premiostrega.it\/PSR\/?page_id=9"},"modified":"2025-01-29T17:25:28","modified_gmt":"2025-01-29T16:25:28","slug":"2016-il-comitato-scientifico","status":"publish","type":"page","link":"https:\/\/www.premiostrega.it\/PSR\/2016-il-comitato-scientifico\/","title":{"rendered":"2016 Comitato scientifico"},"content":{"rendered":"<p><strong>Giuseppe Bartorilla<\/strong><br \/>\nBibliotecario e responsabile della Biblioteca dei Ragazzi di Rozzano (Mi), Premio Andersen 2014,\u00a0 si occupa di letteratura per l\u2019infanzia e l\u2019adolescenza, promozione della lettura e organizzazione di spazi bibliotecari pubblici e scolastici per bambini e ragazzi. Nell\u2019ambito del progetto nazionale IN VITRO, promosso dal Cepell, ha coordinato la commissione che ha delineato la figura professionale del promotore della lettura ed \u00e8 membro del gruppo di lavoro per la selezione e la valutazione dei libri da acquistare. \u00c8 responsabile del progetto\u00a0 \u201cDigital Readers. Libri e letture per bambini e ragazzi ai tempi del web 2.0\u201d\u00a0 e dal 2010\u00a0\u00a0con un gruppo di studenti delle scuole secondarie di I\u00b0 grado cura \u00a0il blog dedicato alle letture\u00a0<a href=\"http:\/\/bucsity.wordpress.com\/\" target=\"_blank\" rel=\"noopener\">bucsity.wordpress.com<\/a>.<\/p>\n<p><strong>Emma Beseghi<\/strong><br \/>\n\u00c8 professore ordinario di Letteratura per l\u2019Infanzia presso l\u2019Universit\u00e0 di Bologna, coordinatrice del Dottorato di Ricerca in Scienze Pedagogiche e responsabile scientifica del Centro di Ricerca in Letteratura per l\u2019Infanzia. Ha pubblicato numerosi articoli su riviste scientifiche italiane e straniere specializzate, tra cui \u201cLiber\u201d dove cura la rubrica <em>La cattedra di Peter. <\/em>Tra i suoi libri <em>Infanzia e racconto. Il libro, le figure, la voce, lo sguardo<\/em>, <em>La Letteratura<\/em> <em>invisibile.<\/em> <em>Infanzia e libri per bambini<\/em> e<em> Lo sguardo della memoria. Rileggendo Il Piccolo Principe<\/em>. Condirettrice di \u201cBagheera\u201d e di <em>Storia dell\u2019educazione e Letteratura per l\u2019infanzia<\/em>, fa parte del comitato scientifico della Scuola Superiore di Studi Umanistici di Bologna, presieduta da Umberto Eco.<\/p>\n<p><strong>Pino Boero<\/strong><br \/>\nInsegna Letteratura per l\u2019infanzia e Pedagogia della lettura presso l\u2019Universit\u00e0 di Genova ed \u00e8 assessore alla Scuola, allo Sport e alle Politiche Giovanili. I suoi interessi scientifici sono rivolti soprattutto allo sviluppo della letteratura italiana fra Otto e Novecento e a quella per l\u2019infanzia. Ha pubblicato numerosi articoli e volumi, tra cui <em>Una storia, tante storie. Guida all\u2019opera di Gianni Rodari<\/em> e <em>Il Corsaro Nero. Nel mondo di Emilio Salgari<\/em>, e ha diretto <em>Memorandum<\/em>, collana critica dell\u2019Einaudi Ragazzi esclusivamente destinata ad autori e temi della letteratura per l\u2019infanzia. Coordinatore della giuria del \u201cPremio nazionale di letteratura per l\u2019infanzia Sardegna\u201d, \u00e8 responsabile del settore scientifico de \u201cLa Riviera Ligure\u201d e scrive per le riviste \u201cAndersen\u201d e \u201cLiber\u201d.<\/p>\n<p><strong>Tullio De Mauro<\/strong><br \/>\nHa insegnato Filosofia del linguaggio e Linguistica generale presso l\u2019Universit\u00e0 La Sapienza di Roma, dove ora \u00e8 professore emerito. Nominato <em>doctor honoris causa <\/em>in numerose universit\u00e0 straniere, ha presieduto la Societ\u00e0 di Linguistica Italiana e la Societ\u00e0 di Filosofia del Linguaggio ed \u00e8 stato Ministro della pubblica istruzione.<em>\u00a0<\/em> Accademico della Crusca e socio corrispondente dell\u2019Accademia dei Lincei, attualmente \u00e8 presidente della Fondazione Bellonci e presidente onorario della Rete italiana di cultura popolare. Autore di saggi e libri pubblicati in Italia e all\u2019estero, \u00a0tra le sue opere pi\u00f9 importanti figura il <em>Grande dizionario italiano dell\u2019uso <\/em><em>in otto volumi<\/em>.<\/p>\n<p><strong>Ermanno Detti<\/strong><br \/>\nBibliotecario e responsabile della Biblioteca dei Ragazzi di Rozzano (Mi), Premio Andersen 2014,\u00a0 si occupa di letteratura per l\u2019infanzia e l\u2019adolescenza, promozione della lettura e organizzazione di spazi bibliotecari pubblici e scolastici per bambini e ragazzi. Nell\u2019ambito del progetto nazionale IN VITRO, promosso dal Cepell, ha coordinato la commissione che ha delineato la figura professionale del promotore della lettura ed \u00e8 membro del gruppo di lavoro per la selezione e la valutazione dei libri da acquistare. \u00c8 responsabile del progetto\u00a0 \u201cDigital Readers. Libri e letture per bambini e ragazzi ai tempi del web 2.0\u201d\u00a0 e dal 2010\u00a0\u00a0con un gruppo di studenti delle scuole secondarie di I\u00b0 grado cura \u00a0il blog dedicato alle letture\u00a0<a href=\"http:\/\/bucsity.wordpress.com\/\" target=\"_blank\" rel=\"noopener\">bucsity.wordpress.com<\/a>.<\/p>\n<p><strong>Silvana Loiero<\/strong><br \/>\nDirigente scolastico a San Lazzaro di Savena (BO), si occupa di formazione degli insegnanti per la didattica dell\u2019italiano e svolge attivit\u00e0 nel G.I.S.C.E.L a livello nazionale. \u00c8 stata componente di due commissioni ministeriali per la stesura delle <em>Indicazioni nazionali per il curricolo della scuola dell\u2019infanzia e del primo ciclo d\u2019istruzione<\/em> e collabora con l\u2019Ufficio Scolastico regionale dell\u2019Emilia Romagna ai progetti legati all\u2019attuazione delle<em> Indicazioni<\/em>, con particolare attenzione all\u2019insegnamento dell\u2019italiano. Ha pubblicato libri di testo per gli alunni e numerosi volumi relativi alla didattica dell\u2019italiano, destinati ai docenti della scuola primaria. Per la casa editrice Tecnodid ha pubblicato vari articoli, sempre relativi all\u2019italiano e al suo insegnamento, nei volumi \u201cVoci della Scuola\u201d.<\/p>\n<p><strong>Carla Ida Salviati<\/strong><br \/>\n\u00c8 stata direttore delle riviste \u201cLa Vita Scolastica\u201d, \u201cSesamo didattica interculturale\u201d, \u201cScuola dell\u2019infanzia\u201d, sia per la versione cartacea che per quella online. Suoi settori di studio e di ricerca sono la letteratura giovanile e la storia dell\u2019editoria, con particolare attenzione a quella educativa. Docente e dirigente scolastico, \u00e8 stata ricercatrice dell\u2019IRRSAE Liguria (poi ANSAS-IRRE Liguria) per il quale ha progettato e diretto ricerche nazionali e internazionali e corsi di formazione e ne ha coordinato per anni la produzione editoriale. Autrice di saggi apparsi su volumi e riviste, ha tenuto corsi, seminari e conferenze in molte universit\u00e0 italiane. Ha diretto l\u2019Annuario Biblioteche Scolastiche e nel 2013 \u00e8 stata insignita del premio della rivista \u201cAndersen\u201d, riservato ai protagonisti della diffusione della cultura e della lettura.<\/p>\n<p><strong>Maria Romana Tetamo<\/strong><br \/>\nStorico dell\u2019arte, ha collaborato all\u2019apertura e allo sviluppo del Settore Educazione del Riso, Museo d\u2019Arte Contemporanea della Sicilia, organizzando percorsi di avvicinamento all\u2019arte rivolti a bambi tra i 4 e i 10 anni. Ha lavorato inoltre con la Galleria Francesco Pantaleone e con il BIMPA, il Museo dei Bambini di Palermo, ed \u00e8 stata <em>Assistant Curator<\/em> del Palermo City Pavilion alla Biennale di Shanghai. Attualmente \u00e8 titolare di \u201cDudi. Libreria per bambini\u2026 e non solo\u201d di Palermo, uno spazio dove i bambini possono leggere e giocare insieme ai propri genitori o con altri bambini, oltre a essere un punto di riferimento per tutte quelle realt\u00e0 che gi\u00e0 operano sul territorio e che si occupano di infanzia e di cultura.<\/p>\n","protected":false},"excerpt":{"rendered":"<p>Giuseppe Bartorilla Bibliotecario e responsabile della Biblioteca dei Ragazzi di Rozzano (Mi), Premio Andersen 2014,\u00a0 si occupa di letteratura per l\u2019infanzia e l\u2019adolescenza, promozione della lettura e organizzazione di spazi bibliotecari pubblici e scolastici per bambini e ragazzi. Nell\u2019ambito del progetto nazionale IN VITRO, promosso dal Cepell, ha coordinato la commissione che ha delineato la [&hellip;]<\/p>\n","protected":false},"author":1,"featured_media":18023,"parent":0,"menu_order":0,"comment_status":"closed","ping_status":"closed","template":"","meta":{"footnotes":""},"class_list":["post-9","page","type-page","status-publish","has-post-thumbnail","hentry"],"_links":{"self":[{"href":"https:\/\/www.premiostrega.it\/PSR\/wp-json\/wp\/v2\/pages\/9","targetHints":{"allow":["GET"]}}],"collection":[{"href":"https:\/\/www.premiostrega.it\/PSR\/wp-json\/wp\/v2\/pages"}],"about":[{"href":"https:\/\/www.premiostrega.it\/PSR\/wp-json\/wp\/v2\/types\/page"}],"author":[{"embeddable":true,"href":"https:\/\/www.premiostrega.it\/PSR\/wp-json\/wp\/v2\/users\/1"}],"replies":[{"embeddable":true,"href":"https:\/\/www.premiostrega.it\/PSR\/wp-json\/wp\/v2\/comments?post=9"}],"version-history":[{"count":42,"href":"https:\/\/www.premiostrega.it\/PSR\/wp-json\/wp\/v2\/pages\/9\/revisions"}],"predecessor-version":[{"id":19796,"href":"https:\/\/www.premiostrega.it\/PSR\/wp-json\/wp\/v2\/pages\/9\/revisions\/19796"}],"wp:featuredmedia":[{"embeddable":true,"href":"https:\/\/www.premiostrega.it\/PSR\/wp-json\/wp\/v2\/media\/18023"}],"wp:attachment":[{"href":"https:\/\/www.premiostrega.it\/PSR\/wp-json\/wp\/v2\/media?parent=9"}],"curies":[{"name":"wp","href":"https:\/\/api.w.org\/{rel}","templated":true}]}}